{"id":553,"date":"2022-11-22T10:34:39","date_gmt":"2022-11-22T09:34:39","guid":{"rendered":"https:\/\/www.lavida.at\/?page_id=553"},"modified":"2023-10-05T13:41:13","modified_gmt":"2023-10-05T11:41:13","slug":"kontakt","status":"publish","type":"page","link":"https:\/\/www.lavida.at\/?page_id=553","title":{"rendered":"Kontakt"},"content":{"rendered":"\n<div class=\"wp-block-columns is-layout-flex wp-container-core-columns-is-layout-9d6595d7 wp-block-columns-is-layout-flex\">\n<div class=\"wp-block-column is-layout-flow wp-block-column-is-layout-flow\">\n<p style=\"text-align: center;\"><img decoding=\"async\" src=\"https:\/\/www.lavida.at\/wp-content\/themes\/zerif-lite\/images\/map25-redish.png\" \/><\/p>\n<p><strong>Elterninitiative LA VIDA<\/strong><\/p>\n<p>Lazarettg\u00fcrtel 54\/P\/4<br \/>8020 Graz<\/p>\n<\/div>\n\n\n\n<div class=\"wp-block-column is-layout-flow wp-block-column-is-layout-flow\">\n<p><img loading=\"lazy\" decoding=\"async\" class=\"size-large aligncenter\" src=\"https:\/\/www.lavida.at\/wp-content\/themes\/zerif-lite\/images\/envelope4-green.png\" width=\"30\" height=\"24\"><\/p>\n<p style=\"text-align: center;\"><a href=\"mailto:office@lavida.at\">office@lavida.at<\/a><\/p>\n<\/div>\n\n\n\n<div class=\"wp-block-column is-layout-flow wp-block-column-is-layout-flow\">\n<p><img loading=\"lazy\" decoding=\"async\" class=\"aligncenter size-large\" src=\"https:\/\/www.lavida.at\/wp-content\/themes\/zerif-lite\/images\/telephone65-blue.png\" width=\"30\" height=\"30\"><\/p>\n<p style=\"text-align: center;\">Telefon: +43 316 4682-224<\/p>\n<\/div>\n<\/div>\n\n\n","protected":false},"excerpt":{"rendered":"<p>Elterninitiative LA VIDA Lazarettg\u00fcrtel 54\/P\/48020 Graz office@lavida.at Telefon: +43 316 4682-224<\/p>\n","protected":false},"author":2,"featured_media":0,"parent":0,"menu_order":0,"comment_status":"closed","ping_status":"closed","template":"","meta":{"footnotes":""},"class_list":["post-553","page","type-page","status-publish","hentry"],"yoast_head":"<!-- This site is optimized with the Yoast SEO plugin v27.4 - https:\/\/yoast.com\/product\/yoast-seo-wordpress\/ -->\n<title>Kontakt - Elterninitiative La Vida<\/title>\n<meta name=\"robots\" content=\"index, follow, max-snippet:-1, max-image-preview:large, max-video-preview:-1\" \/>\n<link rel=\"canonical\" href=\"https:\/\/www.lavida.at\/?page_id=553\" \/>\n<meta property=\"og:locale\" content=\"de_DE\" \/>\n<meta property=\"og:type\" content=\"article\" \/>\n<meta property=\"og:title\" content=\"Kontakt - Elterninitiative La Vida\" \/>\n<meta property=\"og:description\" content=\"Elterninitiative LA VIDA Lazarettg\u00fcrtel 54\/P\/48020 Graz office@lavida.at Telefon: +43 316 4682-224\" \/>\n<meta property=\"og:url\" content=\"https:\/\/www.lavida.at\/?page_id=553\" \/>\n<meta property=\"og:site_name\" content=\"Elterninitiative La Vida\" \/>\n<meta property=\"article:modified_time\" content=\"2023-10-05T11:41:13+00:00\" \/>\n<meta property=\"og:image\" content=\"https:\/\/www.lavida.at\/wp-content\/themes\/zerif-lite\/images\/map25-redish.png\" \/>\n<meta name=\"twitter:card\" content=\"summary_large_image\" \/>\n<meta name=\"twitter:label1\" content=\"Gesch\u00e4tzte Lesezeit\" \/>\n\t<meta name=\"twitter:data1\" content=\"1\u00a0Minute\" \/>\n<script type=\"application\/ld+json\" class=\"yoast-schema-graph\">{\"@context\":\"https:\\\/\\\/schema.org\",\"@graph\":[{\"@type\":\"WebPage\",\"@id\":\"https:\\\/\\\/www.lavida.at\\\/?page_id=553\",\"url\":\"https:\\\/\\\/www.lavida.at\\\/?page_id=553\",\"name\":\"Kontakt - Elterninitiative La Vida\",\"isPartOf\":{\"@id\":\"https:\\\/\\\/www.lavida.at\\\/#website\"},\"primaryImageOfPage\":{\"@id\":\"https:\\\/\\\/www.lavida.at\\\/?page_id=553#primaryimage\"},\"image\":{\"@id\":\"https:\\\/\\\/www.lavida.at\\\/?page_id=553#primaryimage\"},\"thumbnailUrl\":\"https:\\\/\\\/www.lavida.at\\\/wp-content\\\/themes\\\/zerif-lite\\\/images\\\/map25-redish.png\",\"datePublished\":\"2022-11-22T09:34:39+00:00\",\"dateModified\":\"2023-10-05T11:41:13+00:00\",\"breadcrumb\":{\"@id\":\"https:\\\/\\\/www.lavida.at\\\/?page_id=553#breadcrumb\"},\"inLanguage\":\"de\",\"potentialAction\":[{\"@type\":\"ReadAction\",\"target\":[\"https:\\\/\\\/www.lavida.at\\\/?page_id=553\"]}]},{\"@type\":\"ImageObject\",\"inLanguage\":\"de\",\"@id\":\"https:\\\/\\\/www.lavida.at\\\/?page_id=553#primaryimage\",\"url\":\"https:\\\/\\\/www.lavida.at\\\/wp-content\\\/themes\\\/zerif-lite\\\/images\\\/map25-redish.png\",\"contentUrl\":\"https:\\\/\\\/www.lavida.at\\\/wp-content\\\/themes\\\/zerif-lite\\\/images\\\/map25-redish.png\"},{\"@type\":\"BreadcrumbList\",\"@id\":\"https:\\\/\\\/www.lavida.at\\\/?page_id=553#breadcrumb\",\"itemListElement\":[{\"@type\":\"ListItem\",\"position\":1,\"name\":\"Startseite\",\"item\":\"https:\\\/\\\/www.lavida.at\\\/\"},{\"@type\":\"ListItem\",\"position\":2,\"name\":\"Kontakt\"}]},{\"@type\":\"WebSite\",\"@id\":\"https:\\\/\\\/www.lavida.at\\\/#website\",\"url\":\"https:\\\/\\\/www.lavida.at\\\/\",\"name\":\"Elterninitiative La Vida\",\"description\":\"La Vida ist ein gemeinn\u00fctziger Verein, der Ende 2000 von den Sehfr\u00fchf\u00f6rderInnen Hermann Lang, Monika Letonja, Sigrid Shaban-Neuhold und von Eltern betreuter Kinder gegr\u00fcndet wurde. Seit 2006 bieten wir neben Mobiler Sehfr\u00fchf\u00f6rderung und Allgemeiner Fr\u00fchf\u00f6rderung auch Familienentlastung an.\",\"potentialAction\":[{\"@type\":\"SearchAction\",\"target\":{\"@type\":\"EntryPoint\",\"urlTemplate\":\"https:\\\/\\\/www.lavida.at\\\/?s={search_term_string}\"},\"query-input\":{\"@type\":\"PropertyValueSpecification\",\"valueRequired\":true,\"valueName\":\"search_term_string\"}}],\"inLanguage\":\"de\"}]}<\/script>\n<!-- \/ Yoast SEO plugin. -->","yoast_head_json":{"title":"Kontakt - Elterninitiative La Vida","robots":{"index":"index","follow":"follow","max-snippet":"max-snippet:-1","max-image-preview":"max-image-preview:large","max-video-preview":"max-video-preview:-1"},"canonical":"https:\/\/www.lavida.at\/?page_id=553","og_locale":"de_DE","og_type":"article","og_title":"Kontakt - Elterninitiative La Vida","og_description":"Elterninitiative LA VIDA Lazarettg\u00fcrtel 54\/P\/48020 Graz office@lavida.at Telefon: +43 316 4682-224","og_url":"https:\/\/www.lavida.at\/?page_id=553","og_site_name":"Elterninitiative La Vida","article_modified_time":"2023-10-05T11:41:13+00:00","og_image":[{"url":"https:\/\/www.lavida.at\/wp-content\/themes\/zerif-lite\/images\/map25-redish.png","type":"","width":"","height":""}],"twitter_card":"summary_large_image","twitter_misc":{"Gesch\u00e4tzte Lesezeit":"1\u00a0Minute"},"schema":{"@context":"https:\/\/schema.org","@graph":[{"@type":"WebPage","@id":"https:\/\/www.lavida.at\/?page_id=553","url":"https:\/\/www.lavida.at\/?page_id=553","name":"Kontakt - Elterninitiative La Vida","isPartOf":{"@id":"https:\/\/www.lavida.at\/#website"},"primaryImageOfPage":{"@id":"https:\/\/www.lavida.at\/?page_id=553#primaryimage"},"image":{"@id":"https:\/\/www.lavida.at\/?page_id=553#primaryimage"},"thumbnailUrl":"https:\/\/www.lavida.at\/wp-content\/themes\/zerif-lite\/images\/map25-redish.png","datePublished":"2022-11-22T09:34:39+00:00","dateModified":"2023-10-05T11:41:13+00:00","breadcrumb":{"@id":"https:\/\/www.lavida.at\/?page_id=553#breadcrumb"},"inLanguage":"de","potentialAction":[{"@type":"ReadAction","target":["https:\/\/www.lavida.at\/?page_id=553"]}]},{"@type":"ImageObject","inLanguage":"de","@id":"https:\/\/www.lavida.at\/?page_id=553#primaryimage","url":"https:\/\/www.lavida.at\/wp-content\/themes\/zerif-lite\/images\/map25-redish.png","contentUrl":"https:\/\/www.lavida.at\/wp-content\/themes\/zerif-lite\/images\/map25-redish.png"},{"@type":"BreadcrumbList","@id":"https:\/\/www.lavida.at\/?page_id=553#breadcrumb","itemListElement":[{"@type":"ListItem","position":1,"name":"Startseite","item":"https:\/\/www.lavida.at\/"},{"@type":"ListItem","position":2,"name":"Kontakt"}]},{"@type":"WebSite","@id":"https:\/\/www.lavida.at\/#website","url":"https:\/\/www.lavida.at\/","name":"Elterninitiative La Vida","description":"La Vida ist ein gemeinn\u00fctziger Verein, der Ende 2000 von den Sehfr\u00fchf\u00f6rderInnen Hermann Lang, Monika Letonja, Sigrid Shaban-Neuhold und von Eltern betreuter Kinder gegr\u00fcndet wurde. Seit 2006 bieten wir neben Mobiler Sehfr\u00fchf\u00f6rderung und Allgemeiner Fr\u00fchf\u00f6rderung auch Familienentlastung an.","potentialAction":[{"@type":"SearchAction","target":{"@type":"EntryPoint","urlTemplate":"https:\/\/www.lavida.at\/?s={search_term_string}"},"query-input":{"@type":"PropertyValueSpecification","valueRequired":true,"valueName":"search_term_string"}}],"inLanguage":"de"}]}},"_links":{"self":[{"href":"https:\/\/www.lavida.at\/index.php?rest_route=\/wp\/v2\/pages\/553","targetHints":{"allow":["GET"]}}],"collection":[{"href":"https:\/\/www.lavida.at\/index.php?rest_route=\/wp\/v2\/pages"}],"about":[{"href":"https:\/\/www.lavida.at\/index.php?rest_route=\/wp\/v2\/types\/page"}],"author":[{"embeddable":true,"href":"https:\/\/www.lavida.at\/index.php?rest_route=\/wp\/v2\/users\/2"}],"replies":[{"embeddable":true,"href":"https:\/\/www.lavida.at\/index.php?rest_route=%2Fwp%2Fv2%2Fcomments&post=553"}],"version-history":[{"count":5,"href":"https:\/\/www.lavida.at\/index.php?rest_route=\/wp\/v2\/pages\/553\/revisions"}],"predecessor-version":[{"id":571,"href":"https:\/\/www.lavida.at\/index.php?rest_route=\/wp\/v2\/pages\/553\/revisions\/571"}],"wp:attachment":[{"href":"https:\/\/www.lavida.at\/index.php?rest_route=%2Fwp%2Fv2%2Fmedia&parent=553"}],"curies":[{"name":"wp","href":"https:\/\/api.w.org\/{rel}","templated":true}]}}