{"id":46,"date":"2016-04-22T10:25:00","date_gmt":"2016-04-22T08:25:00","guid":{"rendered":"https:\/\/www.lavida.at\/?page_id=46"},"modified":"2017-05-30T16:16:45","modified_gmt":"2017-05-30T14:16:45","slug":"familienentlastung-2","status":"publish","type":"page","link":"https:\/\/www.lavida.at\/?page_id=46","title":{"rendered":"Familienentlastung"},"content":{"rendered":"<p>Wir bieten Familienentlastung als Unterst\u00fctzung f\u00fcr Menschen (Kinder, Jugendliche und Erwachsene) mit Behinderung und zur Entlastung der Familienangeh\u00f6rigen. Diese sollen die M\u00f6glichkeit haben, aus der Betreuungssituation auszusteigen.<\/p>\n<p>Die Betreuung im Rahmen der Familienentlastung wird individuell auf die Bed\u00fcrfnisse der Kinder, Jugendlichen oder Erwachsenen und deren Familienangeh\u00f6rigen abgestimmt.<\/p>\n<h3><\/h3>\n<p>&nbsp;<\/p>\n<h3>Antragstellung und Kosten<\/h3>\n<p>Antragstellung beim Gemeindeamt oder der Bezirkshauptmannschaft bzw. dem Magistrat (Sozialamt).<\/p>\n<p>Die Kosten f\u00fcr den Familienentlastungsdienst tr\u00e4gt zu 90 % das Land Steiermark (Selbstkostenbeitrag 10 %).<\/p>\n<p class=\"p1\"><a href=\"http:\/\/www.graz.at\/cms\/dokumente\/10024949_445570\/cb5b3965\/Behindertenhilfe_Antrag.pdf\"><span class=\"s1\"><b>Antrag f\u00fcr Graz herunterladen<\/b><\/span><\/a><span class=\"s1\">\u00a0<\/span><\/p>\n<p class=\"p1\"><a href=\"http:\/\/www.soziales.steiermark.at\/cms\/dokumente\/10175947_5361\/a36024a0\/Antragsformular%20BHG.doc\"><span class=\"s1\"><b>Antrag f\u00fcr die Bezirksverwaltungsbeh\u00f6rde\u00a0herunterladen<\/b><\/span><\/a><\/p>\n<p class=\"p1\"><strong><a href=\"https:\/\/www.lavida.at\/wp-content\/uploads\/2016\/04\/Erhebungsbogen.pdf\">Erhebungsbogen<\/a><\/strong><\/p>\n","protected":false},"excerpt":{"rendered":"<p>Wir bieten Familienentlastung als Unterst\u00fctzung f\u00fcr Menschen (Kinder, Jugendliche und Erwachsene) mit Behinderung und zur Entlastung der Familienangeh\u00f6rigen. Diese sollen die M\u00f6glichkeit haben, aus der Betreuungssituation auszusteigen. Die Betreuung im Rahmen der Familienentlastung wird individuell auf die Bed\u00fcrfnisse der Kinder, Jugendlichen oder Erwachsenen und deren Familienangeh\u00f6rigen abgestimmt. &nbsp; Antragstellung und Kosten Antragstellung beim Gemeindeamt oder<a href=\"https:\/\/www.lavida.at\/?page_id=46\">[&#8230;]<\/a><\/p>\n","protected":false},"author":2,"featured_media":0,"parent":0,"menu_order":0,"comment_status":"closed","ping_status":"closed","template":"","meta":{"footnotes":""},"class_list":["post-46","page","type-page","status-publish","hentry"],"yoast_head":"<!-- This site is optimized with the Yoast SEO plugin v27.1.1 - https:\/\/yoast.com\/product\/yoast-seo-wordpress\/ -->\n<title>Familienentlastung - Elterninitiative La Vida<\/title>\n<meta name=\"robots\" content=\"index, follow, max-snippet:-1, max-image-preview:large, max-video-preview:-1\" \/>\n<link rel=\"canonical\" href=\"https:\/\/www.lavida.at\/?page_id=46\" \/>\n<meta property=\"og:locale\" content=\"de_DE\" \/>\n<meta property=\"og:type\" content=\"article\" \/>\n<meta property=\"og:title\" content=\"Familienentlastung - Elterninitiative La Vida\" \/>\n<meta property=\"og:description\" content=\"Wir bieten Familienentlastung als Unterst\u00fctzung f\u00fcr Menschen (Kinder, Jugendliche und Erwachsene) mit Behinderung und zur Entlastung der Familienangeh\u00f6rigen. Diese sollen die M\u00f6glichkeit haben, aus der Betreuungssituation auszusteigen. Die Betreuung im Rahmen der Familienentlastung wird individuell auf die Bed\u00fcrfnisse der Kinder, Jugendlichen oder Erwachsenen und deren Familienangeh\u00f6rigen abgestimmt. &nbsp; Antragstellung und Kosten Antragstellung beim Gemeindeamt oder[...]\" \/>\n<meta property=\"og:url\" content=\"https:\/\/www.lavida.at\/?page_id=46\" \/>\n<meta property=\"og:site_name\" content=\"Elterninitiative La Vida\" \/>\n<meta property=\"article:modified_time\" content=\"2017-05-30T14:16:45+00:00\" \/>\n<meta name=\"twitter:card\" content=\"summary_large_image\" \/>\n<script type=\"application\/ld+json\" class=\"yoast-schema-graph\">{\"@context\":\"https:\/\/schema.org\",\"@graph\":[{\"@type\":\"WebPage\",\"@id\":\"https:\/\/www.lavida.at\/?page_id=46\",\"url\":\"https:\/\/www.lavida.at\/?page_id=46\",\"name\":\"Familienentlastung - Elterninitiative La Vida\",\"isPartOf\":{\"@id\":\"https:\/\/www.lavida.at\/#website\"},\"datePublished\":\"2016-04-22T08:25:00+00:00\",\"dateModified\":\"2017-05-30T14:16:45+00:00\",\"breadcrumb\":{\"@id\":\"https:\/\/www.lavida.at\/?page_id=46#breadcrumb\"},\"inLanguage\":\"de\",\"potentialAction\":[{\"@type\":\"ReadAction\",\"target\":[\"https:\/\/www.lavida.at\/?page_id=46\"]}]},{\"@type\":\"BreadcrumbList\",\"@id\":\"https:\/\/www.lavida.at\/?page_id=46#breadcrumb\",\"itemListElement\":[{\"@type\":\"ListItem\",\"position\":1,\"name\":\"Startseite\",\"item\":\"https:\/\/www.lavida.at\/\"},{\"@type\":\"ListItem\",\"position\":2,\"name\":\"Familienentlastung\"}]},{\"@type\":\"WebSite\",\"@id\":\"https:\/\/www.lavida.at\/#website\",\"url\":\"https:\/\/www.lavida.at\/\",\"name\":\"Elterninitiative La Vida\",\"description\":\"La Vida ist ein gemeinn\u00fctziger Verein, der Ende 2000 von den Sehfr\u00fchf\u00f6rderInnen Hermann Lang, Monika Letonja, Sigrid Shaban-Neuhold und von Eltern betreuter Kinder gegr\u00fcndet wurde. Seit 2006 bieten wir neben Mobiler Sehfr\u00fchf\u00f6rderung und Allgemeiner Fr\u00fchf\u00f6rderung auch Familienentlastung an.\",\"potentialAction\":[{\"@type\":\"SearchAction\",\"target\":{\"@type\":\"EntryPoint\",\"urlTemplate\":\"https:\/\/www.lavida.at\/?s={search_term_string}\"},\"query-input\":{\"@type\":\"PropertyValueSpecification\",\"valueRequired\":true,\"valueName\":\"search_term_string\"}}],\"inLanguage\":\"de\"}]}<\/script>\n<!-- \/ Yoast SEO plugin. -->","yoast_head_json":{"title":"Familienentlastung - Elterninitiative La Vida","robots":{"index":"index","follow":"follow","max-snippet":"max-snippet:-1","max-image-preview":"max-image-preview:large","max-video-preview":"max-video-preview:-1"},"canonical":"https:\/\/www.lavida.at\/?page_id=46","og_locale":"de_DE","og_type":"article","og_title":"Familienentlastung - Elterninitiative La Vida","og_description":"Wir bieten Familienentlastung als Unterst\u00fctzung f\u00fcr Menschen (Kinder, Jugendliche und Erwachsene) mit Behinderung und zur Entlastung der Familienangeh\u00f6rigen. Diese sollen die M\u00f6glichkeit haben, aus der Betreuungssituation auszusteigen. Die Betreuung im Rahmen der Familienentlastung wird individuell auf die Bed\u00fcrfnisse der Kinder, Jugendlichen oder Erwachsenen und deren Familienangeh\u00f6rigen abgestimmt. &nbsp; Antragstellung und Kosten Antragstellung beim Gemeindeamt oder[...]","og_url":"https:\/\/www.lavida.at\/?page_id=46","og_site_name":"Elterninitiative La Vida","article_modified_time":"2017-05-30T14:16:45+00:00","twitter_card":"summary_large_image","schema":{"@context":"https:\/\/schema.org","@graph":[{"@type":"WebPage","@id":"https:\/\/www.lavida.at\/?page_id=46","url":"https:\/\/www.lavida.at\/?page_id=46","name":"Familienentlastung - Elterninitiative La Vida","isPartOf":{"@id":"https:\/\/www.lavida.at\/#website"},"datePublished":"2016-04-22T08:25:00+00:00","dateModified":"2017-05-30T14:16:45+00:00","breadcrumb":{"@id":"https:\/\/www.lavida.at\/?page_id=46#breadcrumb"},"inLanguage":"de","potentialAction":[{"@type":"ReadAction","target":["https:\/\/www.lavida.at\/?page_id=46"]}]},{"@type":"BreadcrumbList","@id":"https:\/\/www.lavida.at\/?page_id=46#breadcrumb","itemListElement":[{"@type":"ListItem","position":1,"name":"Startseite","item":"https:\/\/www.lavida.at\/"},{"@type":"ListItem","position":2,"name":"Familienentlastung"}]},{"@type":"WebSite","@id":"https:\/\/www.lavida.at\/#website","url":"https:\/\/www.lavida.at\/","name":"Elterninitiative La Vida","description":"La Vida ist ein gemeinn\u00fctziger Verein, der Ende 2000 von den Sehfr\u00fchf\u00f6rderInnen Hermann Lang, Monika Letonja, Sigrid Shaban-Neuhold und von Eltern betreuter Kinder gegr\u00fcndet wurde. Seit 2006 bieten wir neben Mobiler Sehfr\u00fchf\u00f6rderung und Allgemeiner Fr\u00fchf\u00f6rderung auch Familienentlastung an.","potentialAction":[{"@type":"SearchAction","target":{"@type":"EntryPoint","urlTemplate":"https:\/\/www.lavida.at\/?s={search_term_string}"},"query-input":{"@type":"PropertyValueSpecification","valueRequired":true,"valueName":"search_term_string"}}],"inLanguage":"de"}]}},"_links":{"self":[{"href":"https:\/\/www.lavida.at\/index.php?rest_route=\/wp\/v2\/pages\/46","targetHints":{"allow":["GET"]}}],"collection":[{"href":"https:\/\/www.lavida.at\/index.php?rest_route=\/wp\/v2\/pages"}],"about":[{"href":"https:\/\/www.lavida.at\/index.php?rest_route=\/wp\/v2\/types\/page"}],"author":[{"embeddable":true,"href":"https:\/\/www.lavida.at\/index.php?rest_route=\/wp\/v2\/users\/2"}],"replies":[{"embeddable":true,"href":"https:\/\/www.lavida.at\/index.php?rest_route=%2Fwp%2Fv2%2Fcomments&post=46"}],"version-history":[{"count":8,"href":"https:\/\/www.lavida.at\/index.php?rest_route=\/wp\/v2\/pages\/46\/revisions"}],"predecessor-version":[{"id":260,"href":"https:\/\/www.lavida.at\/index.php?rest_route=\/wp\/v2\/pages\/46\/revisions\/260"}],"wp:attachment":[{"href":"https:\/\/www.lavida.at\/index.php?rest_route=%2Fwp%2Fv2%2Fmedia&parent=46"}],"curies":[{"name":"wp","href":"https:\/\/api.w.org\/{rel}","templated":true}]}}