{"id":44,"date":"2016-04-22T10:23:30","date_gmt":"2016-04-22T08:23:30","guid":{"rendered":"https:\/\/www.lavida.at\/?page_id=44"},"modified":"2025-09-24T12:54:42","modified_gmt":"2025-09-24T10:54:42","slug":"sensorische-integration-2","status":"publish","type":"page","link":"https:\/\/www.lavida.at\/?page_id=44","title":{"rendered":"Sensorische Integration"},"content":{"rendered":"<p>Wir unterst\u00fctzen Kinder dabei, ein m\u00f6glichst gutes Zusammenspiel ihrer verschiedenen Wahrnehmungsbereiche bzw. Sinnesbereiche, vorrangig der Basissinne (Tiefen-, Gleichgewichts- und Tastsinn), zu erlangen. Das ist die Grundlage f\u00fcr jedes weitere Lernen.<\/p>\n<p>Sinneserfahrungen machen, diese miteinander in Kontakt bringen und zusammenf\u00fcgen, das ist \u201eSensorische Integration&#8220;.<\/p>\n<p><img loading=\"lazy\" decoding=\"async\" class=\"alignnone size-medium wp-image-75\" src=\"https:\/\/www.lavida.at\/wp-content\/uploads\/2016\/04\/foto9-300x225.jpg\" alt=\"foto9\" width=\"300\" height=\"225\" srcset=\"https:\/\/www.lavida.at\/wp-content\/uploads\/2016\/04\/foto9-300x225.jpg 300w, https:\/\/www.lavida.at\/wp-content\/uploads\/2016\/04\/foto9-768x576.jpg 768w, https:\/\/www.lavida.at\/wp-content\/uploads\/2016\/04\/foto9-1024x768.jpg 1024w, https:\/\/www.lavida.at\/wp-content\/uploads\/2016\/04\/foto9-285x214.jpg 285w, https:\/\/www.lavida.at\/wp-content\/uploads\/2016\/04\/foto9.jpg 2048w\" sizes=\"auto, (max-width: 300px) 100vw, 300px\" \/><\/p>\n<p>Wir bieten \u201eSensorische Integration\u201c insbesondere f\u00fcr Kinder mit Wahrnehmungsst\u00f6rungen.<\/p>\n<p>Wenn Ihr Kind<\/p>\n<ul>\n<li>sich nur kurz konzentrieren und aufmerksam sein kann<\/li>\n<li>oft motorisch unruhig ist<\/li>\n<li>Probleme im Umgang mit anderen Kindern hat<\/li>\n<li>schnell verzweifelt ist und oft weint<\/li>\n<li>oft Hindernisse \u00fcbersieht und leicht hinf\u00e4llt<\/li>\n<li>sich ungern bewegt und schlaff wirkt<\/li>\n<li>gegen\u00fcber bestimmten Reizen \u00fcberempfindlich ist<\/li>\n<li>kaum Blickkontakt zeigt<\/li>\n<li>Probleme in der Verarbeitung bestimmter visueller Reize hat<\/li>\n<li>Probleme in der Sprachentwicklung hat<\/li>\n<li>stereotype Verhaltensweisen zeigt<\/li>\n<\/ul>\n<p>beraten wir Sie gerne und w\u00fcrden Sie zu einer SI-Einheit einladen.<\/p>\n<p>Unsere SI-P\u00e4dagoginnen:<\/p>\n<p>Anuschka Bresar &amp; Gundi Zakary-Wolfsberger<\/p>\n<p>Wir bieten \u201eSensorische Integration\u201c im Rahmen von Allgemeiner Fr\u00fchf\u00f6rderung und Mobiler Sehfr\u00fchf\u00f6rderung an.<\/p>\n<p class=\"p1\"><span class=\"s1\"><b>\u00a0<\/b><\/span><\/p>\n","protected":false},"excerpt":{"rendered":"<p>Wir unterst\u00fctzen Kinder dabei, ein m\u00f6glichst gutes Zusammenspiel ihrer verschiedenen Wahrnehmungsbereiche bzw. Sinnesbereiche, vorrangig der Basissinne (Tiefen-, Gleichgewichts- und Tastsinn), zu erlangen. Das ist die Grundlage f\u00fcr jedes weitere Lernen. Sinneserfahrungen machen, diese miteinander in Kontakt bringen und zusammenf\u00fcgen, das ist \u201eSensorische Integration&#8220;. Wir bieten \u201eSensorische Integration\u201c insbesondere f\u00fcr Kinder mit Wahrnehmungsst\u00f6rungen. Wenn Ihr Kind<a href=\"https:\/\/www.lavida.at\/?page_id=44\">[&#8230;]<\/a><\/p>\n","protected":false},"author":2,"featured_media":0,"parent":0,"menu_order":0,"comment_status":"closed","ping_status":"closed","template":"","meta":{"footnotes":""},"class_list":["post-44","page","type-page","status-publish","hentry"],"yoast_head":"<!-- This site is optimized with the Yoast SEO plugin v27.1.1 - https:\/\/yoast.com\/product\/yoast-seo-wordpress\/ -->\n<title>Sensorische Integration - Elterninitiative La Vida<\/title>\n<meta name=\"robots\" content=\"index, follow, max-snippet:-1, max-image-preview:large, max-video-preview:-1\" \/>\n<link rel=\"canonical\" href=\"https:\/\/www.lavida.at\/?page_id=44\" \/>\n<meta property=\"og:locale\" content=\"de_DE\" \/>\n<meta property=\"og:type\" content=\"article\" \/>\n<meta property=\"og:title\" content=\"Sensorische Integration - Elterninitiative La Vida\" \/>\n<meta property=\"og:description\" content=\"Wir unterst\u00fctzen Kinder dabei, ein m\u00f6glichst gutes Zusammenspiel ihrer verschiedenen Wahrnehmungsbereiche bzw. Sinnesbereiche, vorrangig der Basissinne (Tiefen-, Gleichgewichts- und Tastsinn), zu erlangen. Das ist die Grundlage f\u00fcr jedes weitere Lernen. Sinneserfahrungen machen, diese miteinander in Kontakt bringen und zusammenf\u00fcgen, das ist \u201eSensorische Integration&#8220;. Wir bieten \u201eSensorische Integration\u201c insbesondere f\u00fcr Kinder mit Wahrnehmungsst\u00f6rungen. Wenn Ihr Kind[...]\" \/>\n<meta property=\"og:url\" content=\"https:\/\/www.lavida.at\/?page_id=44\" \/>\n<meta property=\"og:site_name\" content=\"Elterninitiative La Vida\" \/>\n<meta property=\"article:modified_time\" content=\"2025-09-24T10:54:42+00:00\" \/>\n<meta property=\"og:image\" content=\"https:\/\/www.lavida.at\/wp-content\/uploads\/2016\/04\/foto9.jpg\" \/>\n\t<meta property=\"og:image:width\" content=\"2048\" \/>\n\t<meta property=\"og:image:height\" content=\"1536\" \/>\n\t<meta property=\"og:image:type\" content=\"image\/jpeg\" \/>\n<meta name=\"twitter:card\" content=\"summary_large_image\" \/>\n<meta name=\"twitter:label1\" content=\"Gesch\u00e4tzte Lesezeit\" \/>\n\t<meta name=\"twitter:data1\" content=\"2\u00a0Minuten\" \/>\n<script type=\"application\/ld+json\" class=\"yoast-schema-graph\">{\"@context\":\"https:\/\/schema.org\",\"@graph\":[{\"@type\":\"WebPage\",\"@id\":\"https:\/\/www.lavida.at\/?page_id=44\",\"url\":\"https:\/\/www.lavida.at\/?page_id=44\",\"name\":\"Sensorische Integration - Elterninitiative La Vida\",\"isPartOf\":{\"@id\":\"https:\/\/www.lavida.at\/#website\"},\"primaryImageOfPage\":{\"@id\":\"https:\/\/www.lavida.at\/?page_id=44#primaryimage\"},\"image\":{\"@id\":\"https:\/\/www.lavida.at\/?page_id=44#primaryimage\"},\"thumbnailUrl\":\"https:\/\/www.lavida.at\/wp-content\/uploads\/2016\/04\/foto9-300x225.jpg\",\"datePublished\":\"2016-04-22T08:23:30+00:00\",\"dateModified\":\"2025-09-24T10:54:42+00:00\",\"breadcrumb\":{\"@id\":\"https:\/\/www.lavida.at\/?page_id=44#breadcrumb\"},\"inLanguage\":\"de\",\"potentialAction\":[{\"@type\":\"ReadAction\",\"target\":[\"https:\/\/www.lavida.at\/?page_id=44\"]}]},{\"@type\":\"ImageObject\",\"inLanguage\":\"de\",\"@id\":\"https:\/\/www.lavida.at\/?page_id=44#primaryimage\",\"url\":\"https:\/\/www.lavida.at\/wp-content\/uploads\/2016\/04\/foto9.jpg\",\"contentUrl\":\"https:\/\/www.lavida.at\/wp-content\/uploads\/2016\/04\/foto9.jpg\",\"width\":2048,\"height\":1536},{\"@type\":\"BreadcrumbList\",\"@id\":\"https:\/\/www.lavida.at\/?page_id=44#breadcrumb\",\"itemListElement\":[{\"@type\":\"ListItem\",\"position\":1,\"name\":\"Startseite\",\"item\":\"https:\/\/www.lavida.at\/\"},{\"@type\":\"ListItem\",\"position\":2,\"name\":\"Sensorische Integration\"}]},{\"@type\":\"WebSite\",\"@id\":\"https:\/\/www.lavida.at\/#website\",\"url\":\"https:\/\/www.lavida.at\/\",\"name\":\"Elterninitiative La Vida\",\"description\":\"La Vida ist ein gemeinn\u00fctziger Verein, der Ende 2000 von den Sehfr\u00fchf\u00f6rderInnen Hermann Lang, Monika Letonja, Sigrid Shaban-Neuhold und von Eltern betreuter Kinder gegr\u00fcndet wurde. Seit 2006 bieten wir neben Mobiler Sehfr\u00fchf\u00f6rderung und Allgemeiner Fr\u00fchf\u00f6rderung auch Familienentlastung an.\",\"potentialAction\":[{\"@type\":\"SearchAction\",\"target\":{\"@type\":\"EntryPoint\",\"urlTemplate\":\"https:\/\/www.lavida.at\/?s={search_term_string}\"},\"query-input\":{\"@type\":\"PropertyValueSpecification\",\"valueRequired\":true,\"valueName\":\"search_term_string\"}}],\"inLanguage\":\"de\"}]}<\/script>\n<!-- \/ Yoast SEO plugin. -->","yoast_head_json":{"title":"Sensorische Integration - Elterninitiative La Vida","robots":{"index":"index","follow":"follow","max-snippet":"max-snippet:-1","max-image-preview":"max-image-preview:large","max-video-preview":"max-video-preview:-1"},"canonical":"https:\/\/www.lavida.at\/?page_id=44","og_locale":"de_DE","og_type":"article","og_title":"Sensorische Integration - Elterninitiative La Vida","og_description":"Wir unterst\u00fctzen Kinder dabei, ein m\u00f6glichst gutes Zusammenspiel ihrer verschiedenen Wahrnehmungsbereiche bzw. Sinnesbereiche, vorrangig der Basissinne (Tiefen-, Gleichgewichts- und Tastsinn), zu erlangen. Das ist die Grundlage f\u00fcr jedes weitere Lernen. Sinneserfahrungen machen, diese miteinander in Kontakt bringen und zusammenf\u00fcgen, das ist \u201eSensorische Integration&#8220;. Wir bieten \u201eSensorische Integration\u201c insbesondere f\u00fcr Kinder mit Wahrnehmungsst\u00f6rungen. Wenn Ihr Kind[...]","og_url":"https:\/\/www.lavida.at\/?page_id=44","og_site_name":"Elterninitiative La Vida","article_modified_time":"2025-09-24T10:54:42+00:00","og_image":[{"width":2048,"height":1536,"url":"https:\/\/www.lavida.at\/wp-content\/uploads\/2016\/04\/foto9.jpg","type":"image\/jpeg"}],"twitter_card":"summary_large_image","twitter_misc":{"Gesch\u00e4tzte Lesezeit":"2\u00a0Minuten"},"schema":{"@context":"https:\/\/schema.org","@graph":[{"@type":"WebPage","@id":"https:\/\/www.lavida.at\/?page_id=44","url":"https:\/\/www.lavida.at\/?page_id=44","name":"Sensorische Integration - Elterninitiative La Vida","isPartOf":{"@id":"https:\/\/www.lavida.at\/#website"},"primaryImageOfPage":{"@id":"https:\/\/www.lavida.at\/?page_id=44#primaryimage"},"image":{"@id":"https:\/\/www.lavida.at\/?page_id=44#primaryimage"},"thumbnailUrl":"https:\/\/www.lavida.at\/wp-content\/uploads\/2016\/04\/foto9-300x225.jpg","datePublished":"2016-04-22T08:23:30+00:00","dateModified":"2025-09-24T10:54:42+00:00","breadcrumb":{"@id":"https:\/\/www.lavida.at\/?page_id=44#breadcrumb"},"inLanguage":"de","potentialAction":[{"@type":"ReadAction","target":["https:\/\/www.lavida.at\/?page_id=44"]}]},{"@type":"ImageObject","inLanguage":"de","@id":"https:\/\/www.lavida.at\/?page_id=44#primaryimage","url":"https:\/\/www.lavida.at\/wp-content\/uploads\/2016\/04\/foto9.jpg","contentUrl":"https:\/\/www.lavida.at\/wp-content\/uploads\/2016\/04\/foto9.jpg","width":2048,"height":1536},{"@type":"BreadcrumbList","@id":"https:\/\/www.lavida.at\/?page_id=44#breadcrumb","itemListElement":[{"@type":"ListItem","position":1,"name":"Startseite","item":"https:\/\/www.lavida.at\/"},{"@type":"ListItem","position":2,"name":"Sensorische Integration"}]},{"@type":"WebSite","@id":"https:\/\/www.lavida.at\/#website","url":"https:\/\/www.lavida.at\/","name":"Elterninitiative La Vida","description":"La Vida ist ein gemeinn\u00fctziger Verein, der Ende 2000 von den Sehfr\u00fchf\u00f6rderInnen Hermann Lang, Monika Letonja, Sigrid Shaban-Neuhold und von Eltern betreuter Kinder gegr\u00fcndet wurde. Seit 2006 bieten wir neben Mobiler Sehfr\u00fchf\u00f6rderung und Allgemeiner Fr\u00fchf\u00f6rderung auch Familienentlastung an.","potentialAction":[{"@type":"SearchAction","target":{"@type":"EntryPoint","urlTemplate":"https:\/\/www.lavida.at\/?s={search_term_string}"},"query-input":{"@type":"PropertyValueSpecification","valueRequired":true,"valueName":"search_term_string"}}],"inLanguage":"de"}]}},"_links":{"self":[{"href":"https:\/\/www.lavida.at\/index.php?rest_route=\/wp\/v2\/pages\/44","targetHints":{"allow":["GET"]}}],"collection":[{"href":"https:\/\/www.lavida.at\/index.php?rest_route=\/wp\/v2\/pages"}],"about":[{"href":"https:\/\/www.lavida.at\/index.php?rest_route=\/wp\/v2\/types\/page"}],"author":[{"embeddable":true,"href":"https:\/\/www.lavida.at\/index.php?rest_route=\/wp\/v2\/users\/2"}],"replies":[{"embeddable":true,"href":"https:\/\/www.lavida.at\/index.php?rest_route=%2Fwp%2Fv2%2Fcomments&post=44"}],"version-history":[{"count":6,"href":"https:\/\/www.lavida.at\/index.php?rest_route=\/wp\/v2\/pages\/44\/revisions"}],"predecessor-version":[{"id":655,"href":"https:\/\/www.lavida.at\/index.php?rest_route=\/wp\/v2\/pages\/44\/revisions\/655"}],"wp:attachment":[{"href":"https:\/\/www.lavida.at\/index.php?rest_route=%2Fwp%2Fv2%2Fmedia&parent=44"}],"curies":[{"name":"wp","href":"https:\/\/api.w.org\/{rel}","templated":true}]}}