{"id":35,"date":"2016-04-22T10:06:49","date_gmt":"2016-04-22T08:06:49","guid":{"rendered":"https:\/\/www.lavida.at\/?page_id=35"},"modified":"2017-01-09T13:19:19","modified_gmt":"2017-01-09T12:19:19","slug":"mobile-sehfruehfoerderung","status":"publish","type":"page","link":"https:\/\/www.lavida.at\/?page_id=35","title":{"rendered":"Mobile Sehfr\u00fchf\u00f6rderung"},"content":{"rendered":"<p>Ganzheitliche F\u00f6rderung und spezielle F\u00f6rderung im visuellen Bereich in spielerischer Form<\/p>\n<ul>\n<li>f\u00fcr Kinder mit Sehbehinderung<\/li>\n<li>f\u00fcr blinde Kinder<\/li>\n<li>f\u00fcr Kinder mit zus\u00e4tzlicher Behinderung<\/li>\n<li>f\u00fcr Kinder mit visueller Wahrnehmungsst\u00f6rung<\/li>\n<\/ul>\n<p>im Alter von 0 &#8211; 6 Jahren (bis Schuleintritt). Wir verwenden in der Mobilen Sehfr\u00fchf\u00f6rderung visuell interessante, kontrastreiche Materialien.<\/p>\n<div id='gallery-1' class='gallery galleryid-35 gallery-columns-3 gallery-size-thumbnail'><figure class='gallery-item'>\n\t\t\t<div class='gallery-icon landscape'>\n\t\t\t\t<a href='https:\/\/www.lavida.at\/?attachment_id=55'><img loading=\"lazy\" decoding=\"async\" width=\"150\" height=\"150\" src=\"https:\/\/www.lavida.at\/wp-content\/uploads\/2016\/04\/foto3-150x150.jpg\" class=\"attachment-thumbnail size-thumbnail\" alt=\"\" srcset=\"https:\/\/www.lavida.at\/wp-content\/uploads\/2016\/04\/foto3-150x150.jpg 150w, https:\/\/www.lavida.at\/wp-content\/uploads\/2016\/04\/foto3-174x174.jpg 174w\" sizes=\"auto, (max-width: 150px) 100vw, 150px\" \/><\/a>\n\t\t\t<\/div><\/figure><figure class='gallery-item'>\n\t\t\t<div class='gallery-icon landscape'>\n\t\t\t\t<a href='https:\/\/www.lavida.at\/?attachment_id=53'><img loading=\"lazy\" decoding=\"async\" width=\"150\" height=\"150\" src=\"https:\/\/www.lavida.at\/wp-content\/uploads\/2016\/04\/foto1-150x150.jpg\" class=\"attachment-thumbnail size-thumbnail\" alt=\"\" srcset=\"https:\/\/www.lavida.at\/wp-content\/uploads\/2016\/04\/foto1-150x150.jpg 150w, https:\/\/www.lavida.at\/wp-content\/uploads\/2016\/04\/foto1-174x174.jpg 174w\" sizes=\"auto, (max-width: 150px) 100vw, 150px\" \/><\/a>\n\t\t\t<\/div><\/figure><figure class='gallery-item'>\n\t\t\t<div class='gallery-icon landscape'>\n\t\t\t\t<a href='https:\/\/www.lavida.at\/?attachment_id=54'><img loading=\"lazy\" decoding=\"async\" width=\"150\" height=\"150\" src=\"https:\/\/www.lavida.at\/wp-content\/uploads\/2016\/04\/foto2-150x150.jpg\" class=\"attachment-thumbnail size-thumbnail\" alt=\"\" srcset=\"https:\/\/www.lavida.at\/wp-content\/uploads\/2016\/04\/foto2-150x150.jpg 150w, https:\/\/www.lavida.at\/wp-content\/uploads\/2016\/04\/foto2-174x174.jpg 174w\" sizes=\"auto, (max-width: 150px) 100vw, 150px\" \/><\/a>\n\t\t\t<\/div><\/figure>\n\t\t<\/div>\n\n<p>&nbsp;<\/p>\n<p>&nbsp;<\/p>\n<p>&nbsp;<\/p>\n<p>&nbsp;<\/p>\n<p>Die F\u00f6rderung des Sehverm\u00f6gens sollte m\u00f6glichst fr\u00fch einsetzen, da die Sehentwicklung in den ersten Lebensjahren, insbesondere im 1. Lebensjahr f\u00fcr wichtige Bereiche des visuellen Systems von Bedeutung ist (siehe Folder \u201eDie Sehentwicklung des Kindes im 1. Lebensjahr\u201c) . Durch visuelle Stimulation kann das vorhandene Sehverm\u00f6gen optimal gef\u00f6rdert werden.<\/p>\n<div id='gallery-2' class='gallery galleryid-35 gallery-columns-3 gallery-size-thumbnail'><figure class='gallery-item'>\n\t\t\t<div class='gallery-icon landscape'>\n\t\t\t\t<a href='https:\/\/www.lavida.at\/?attachment_id=58'><img loading=\"lazy\" decoding=\"async\" width=\"150\" height=\"150\" src=\"https:\/\/www.lavida.at\/wp-content\/uploads\/2016\/04\/Foto8-150x150.jpg\" class=\"attachment-thumbnail size-thumbnail\" alt=\"\" srcset=\"https:\/\/www.lavida.at\/wp-content\/uploads\/2016\/04\/Foto8-150x150.jpg 150w, https:\/\/www.lavida.at\/wp-content\/uploads\/2016\/04\/Foto8-250x250.jpg 250w, https:\/\/www.lavida.at\/wp-content\/uploads\/2016\/04\/Foto8-174x174.jpg 174w\" sizes=\"auto, (max-width: 150px) 100vw, 150px\" \/><\/a>\n\t\t\t<\/div><\/figure><figure class='gallery-item'>\n\t\t\t<div class='gallery-icon landscape'>\n\t\t\t\t<a href='https:\/\/www.lavida.at\/?attachment_id=56'><img loading=\"lazy\" decoding=\"async\" width=\"150\" height=\"150\" src=\"https:\/\/www.lavida.at\/wp-content\/uploads\/2016\/04\/Foto5-150x150.jpg\" class=\"attachment-thumbnail size-thumbnail\" alt=\"\" srcset=\"https:\/\/www.lavida.at\/wp-content\/uploads\/2016\/04\/Foto5-150x150.jpg 150w, https:\/\/www.lavida.at\/wp-content\/uploads\/2016\/04\/Foto5-250x250.jpg 250w, https:\/\/www.lavida.at\/wp-content\/uploads\/2016\/04\/Foto5-174x174.jpg 174w\" sizes=\"auto, (max-width: 150px) 100vw, 150px\" \/><\/a>\n\t\t\t<\/div><\/figure><figure class='gallery-item'>\n\t\t\t<div class='gallery-icon landscape'>\n\t\t\t\t<a href='https:\/\/www.lavida.at\/?attachment_id=59'><img loading=\"lazy\" decoding=\"async\" width=\"150\" height=\"150\" src=\"https:\/\/www.lavida.at\/wp-content\/uploads\/2016\/04\/Foto6-150x150.jpg\" class=\"attachment-thumbnail size-thumbnail\" alt=\"\" srcset=\"https:\/\/www.lavida.at\/wp-content\/uploads\/2016\/04\/Foto6-150x150.jpg 150w, https:\/\/www.lavida.at\/wp-content\/uploads\/2016\/04\/Foto6-250x250.jpg 250w, https:\/\/www.lavida.at\/wp-content\/uploads\/2016\/04\/Foto6-174x174.jpg 174w\" sizes=\"auto, (max-width: 150px) 100vw, 150px\" \/><\/a>\n\t\t\t<\/div><\/figure>\n\t\t<\/div>\n\n<p>&nbsp;<\/p>\n<p>&nbsp;<\/p>\n<p>&nbsp;<\/p>\n<p>&nbsp;<\/p>\n<p>Die Mobile Sehfr\u00fchf\u00f6rderung findet ein- bis zweimal pro Woche (90 Minuten) in der Regel zu Hause in der gewohnten Umgebung des Kindes statt, kann jedoch auch ambulant in der Fr\u00fchf\u00f6rderstelle (mit Dunkel-Licht-Raum) angeboten werden.<\/p>\n<p>Die Mobile Sehfr\u00fchf\u00f6rderung umfasst die Einbeziehung des famili\u00e4ren Umfeldes und die Zusammenarbeit mit anderen Fachleuten (\u00c4rztInnen, P\u00e4dagogInnen, TherapeutInnen usw.).<\/p>\n<p>&nbsp;<\/p>\n<h3>Antragstellung und Kosten<\/h3>\n<p>Antragstellung beim Gemeindeamt oder der Bezirkshauptmannschaft bzw. dem Magistrat (Sozialamt). Sie ben\u00f6tigen dazu eine \u00e4rztliche Verordnung f\u00fcr Mobile Sehfr\u00fchf\u00f6rderung und einen Lichtbildausweis.<\/p>\n<p>Die Kosten f\u00fcr Mobile Sehfr\u00fchf\u00f6rderung tr\u00e4gt zur G\u00e4nze das Land Steiermark.<\/p>\n<p class=\"p1\"><a href=\"http:\/\/www.graz.at\/cms\/dokumente\/10024949_445570\/cb5b3965\/Behindertenhilfe_Antrag.pdf\"><span class=\"s1\"><b>Antrag f\u00fcr Graz herunterladen<\/b><\/span><\/a><span class=\"s1\">\u00a0<\/span><\/p>\n<p class=\"p1\"><a href=\"http:\/\/www.soziales.steiermark.at\/cms\/dokumente\/10175947_5361\/a36024a0\/Antragsformular%20BHG.doc\"><span class=\"s1\"><b>Antrag f\u00fcr die Bezirksverwaltungsbeh\u00f6rde\u00a0herunterladen<\/b><\/span><\/a><\/p>\n","protected":false},"excerpt":{"rendered":"<p>Ganzheitliche F\u00f6rderung und spezielle F\u00f6rderung im visuellen Bereich in spielerischer Form f\u00fcr Kinder mit Sehbehinderung f\u00fcr blinde Kinder f\u00fcr Kinder mit zus\u00e4tzlicher Behinderung f\u00fcr Kinder mit visueller Wahrnehmungsst\u00f6rung im Alter von 0 &#8211; 6 Jahren (bis Schuleintritt). Wir verwenden in der Mobilen Sehfr\u00fchf\u00f6rderung visuell interessante, kontrastreiche Materialien. &nbsp; &nbsp; &nbsp; &nbsp; Die F\u00f6rderung des Sehverm\u00f6gens<a href=\"https:\/\/www.lavida.at\/?page_id=35\">[&#8230;]<\/a><\/p>\n","protected":false},"author":2,"featured_media":0,"parent":0,"menu_order":0,"comment_status":"closed","ping_status":"closed","template":"","meta":{"footnotes":""},"class_list":["post-35","page","type-page","status-publish","hentry"],"yoast_head":"<!-- This site is optimized with the Yoast SEO plugin v27.1.1 - https:\/\/yoast.com\/product\/yoast-seo-wordpress\/ -->\n<title>Mobile Sehfr\u00fchf\u00f6rderung - Elterninitiative La Vida<\/title>\n<meta name=\"robots\" content=\"index, follow, max-snippet:-1, max-image-preview:large, max-video-preview:-1\" \/>\n<link rel=\"canonical\" href=\"https:\/\/www.lavida.at\/?page_id=35\" \/>\n<meta property=\"og:locale\" content=\"de_DE\" \/>\n<meta property=\"og:type\" content=\"article\" \/>\n<meta property=\"og:title\" content=\"Mobile Sehfr\u00fchf\u00f6rderung - Elterninitiative La Vida\" \/>\n<meta property=\"og:description\" content=\"Ganzheitliche F\u00f6rderung und spezielle F\u00f6rderung im visuellen Bereich in spielerischer Form f\u00fcr Kinder mit Sehbehinderung f\u00fcr blinde Kinder f\u00fcr Kinder mit zus\u00e4tzlicher Behinderung f\u00fcr Kinder mit visueller Wahrnehmungsst\u00f6rung im Alter von 0 &#8211; 6 Jahren (bis Schuleintritt). Wir verwenden in der Mobilen Sehfr\u00fchf\u00f6rderung visuell interessante, kontrastreiche Materialien. &nbsp; &nbsp; &nbsp; &nbsp; Die F\u00f6rderung des Sehverm\u00f6gens[...]\" \/>\n<meta property=\"og:url\" content=\"https:\/\/www.lavida.at\/?page_id=35\" \/>\n<meta property=\"og:site_name\" content=\"Elterninitiative La Vida\" \/>\n<meta property=\"article:modified_time\" content=\"2017-01-09T12:19:19+00:00\" \/>\n<meta property=\"og:image\" content=\"https:\/\/www.lavida.at\/wp-content\/uploads\/2016\/04\/foto3-150x150.jpg\" \/>\n<meta name=\"twitter:card\" content=\"summary_large_image\" \/>\n<meta name=\"twitter:label1\" content=\"Gesch\u00e4tzte Lesezeit\" \/>\n\t<meta name=\"twitter:data1\" content=\"1\u00a0Minute\" \/>\n<script type=\"application\/ld+json\" class=\"yoast-schema-graph\">{\"@context\":\"https:\/\/schema.org\",\"@graph\":[{\"@type\":\"WebPage\",\"@id\":\"https:\/\/www.lavida.at\/?page_id=35\",\"url\":\"https:\/\/www.lavida.at\/?page_id=35\",\"name\":\"Mobile Sehfr\u00fchf\u00f6rderung - Elterninitiative La Vida\",\"isPartOf\":{\"@id\":\"https:\/\/www.lavida.at\/#website\"},\"datePublished\":\"2016-04-22T08:06:49+00:00\",\"dateModified\":\"2017-01-09T12:19:19+00:00\",\"breadcrumb\":{\"@id\":\"https:\/\/www.lavida.at\/?page_id=35#breadcrumb\"},\"inLanguage\":\"de\",\"potentialAction\":[{\"@type\":\"ReadAction\",\"target\":[\"https:\/\/www.lavida.at\/?page_id=35\"]}]},{\"@type\":\"BreadcrumbList\",\"@id\":\"https:\/\/www.lavida.at\/?page_id=35#breadcrumb\",\"itemListElement\":[{\"@type\":\"ListItem\",\"position\":1,\"name\":\"Startseite\",\"item\":\"https:\/\/www.lavida.at\/\"},{\"@type\":\"ListItem\",\"position\":2,\"name\":\"Mobile Sehfr\u00fchf\u00f6rderung\"}]},{\"@type\":\"WebSite\",\"@id\":\"https:\/\/www.lavida.at\/#website\",\"url\":\"https:\/\/www.lavida.at\/\",\"name\":\"Elterninitiative La Vida\",\"description\":\"La Vida ist ein gemeinn\u00fctziger Verein, der Ende 2000 von den Sehfr\u00fchf\u00f6rderInnen Hermann Lang, Monika Letonja, Sigrid Shaban-Neuhold und von Eltern betreuter Kinder gegr\u00fcndet wurde. Seit 2006 bieten wir neben Mobiler Sehfr\u00fchf\u00f6rderung und Allgemeiner Fr\u00fchf\u00f6rderung auch Familienentlastung an.\",\"potentialAction\":[{\"@type\":\"SearchAction\",\"target\":{\"@type\":\"EntryPoint\",\"urlTemplate\":\"https:\/\/www.lavida.at\/?s={search_term_string}\"},\"query-input\":{\"@type\":\"PropertyValueSpecification\",\"valueRequired\":true,\"valueName\":\"search_term_string\"}}],\"inLanguage\":\"de\"}]}<\/script>\n<!-- \/ Yoast SEO plugin. -->","yoast_head_json":{"title":"Mobile Sehfr\u00fchf\u00f6rderung - Elterninitiative La Vida","robots":{"index":"index","follow":"follow","max-snippet":"max-snippet:-1","max-image-preview":"max-image-preview:large","max-video-preview":"max-video-preview:-1"},"canonical":"https:\/\/www.lavida.at\/?page_id=35","og_locale":"de_DE","og_type":"article","og_title":"Mobile Sehfr\u00fchf\u00f6rderung - Elterninitiative La Vida","og_description":"Ganzheitliche F\u00f6rderung und spezielle F\u00f6rderung im visuellen Bereich in spielerischer Form f\u00fcr Kinder mit Sehbehinderung f\u00fcr blinde Kinder f\u00fcr Kinder mit zus\u00e4tzlicher Behinderung f\u00fcr Kinder mit visueller Wahrnehmungsst\u00f6rung im Alter von 0 &#8211; 6 Jahren (bis Schuleintritt). Wir verwenden in der Mobilen Sehfr\u00fchf\u00f6rderung visuell interessante, kontrastreiche Materialien. &nbsp; &nbsp; &nbsp; &nbsp; Die F\u00f6rderung des Sehverm\u00f6gens[...]","og_url":"https:\/\/www.lavida.at\/?page_id=35","og_site_name":"Elterninitiative La Vida","article_modified_time":"2017-01-09T12:19:19+00:00","og_image":[{"url":"https:\/\/www.lavida.at\/wp-content\/uploads\/2016\/04\/foto3-150x150.jpg","type":"","width":"","height":""}],"twitter_card":"summary_large_image","twitter_misc":{"Gesch\u00e4tzte Lesezeit":"1\u00a0Minute"},"schema":{"@context":"https:\/\/schema.org","@graph":[{"@type":"WebPage","@id":"https:\/\/www.lavida.at\/?page_id=35","url":"https:\/\/www.lavida.at\/?page_id=35","name":"Mobile Sehfr\u00fchf\u00f6rderung - Elterninitiative La Vida","isPartOf":{"@id":"https:\/\/www.lavida.at\/#website"},"datePublished":"2016-04-22T08:06:49+00:00","dateModified":"2017-01-09T12:19:19+00:00","breadcrumb":{"@id":"https:\/\/www.lavida.at\/?page_id=35#breadcrumb"},"inLanguage":"de","potentialAction":[{"@type":"ReadAction","target":["https:\/\/www.lavida.at\/?page_id=35"]}]},{"@type":"BreadcrumbList","@id":"https:\/\/www.lavida.at\/?page_id=35#breadcrumb","itemListElement":[{"@type":"ListItem","position":1,"name":"Startseite","item":"https:\/\/www.lavida.at\/"},{"@type":"ListItem","position":2,"name":"Mobile Sehfr\u00fchf\u00f6rderung"}]},{"@type":"WebSite","@id":"https:\/\/www.lavida.at\/#website","url":"https:\/\/www.lavida.at\/","name":"Elterninitiative La Vida","description":"La Vida ist ein gemeinn\u00fctziger Verein, der Ende 2000 von den Sehfr\u00fchf\u00f6rderInnen Hermann Lang, Monika Letonja, Sigrid Shaban-Neuhold und von Eltern betreuter Kinder gegr\u00fcndet wurde. Seit 2006 bieten wir neben Mobiler Sehfr\u00fchf\u00f6rderung und Allgemeiner Fr\u00fchf\u00f6rderung auch Familienentlastung an.","potentialAction":[{"@type":"SearchAction","target":{"@type":"EntryPoint","urlTemplate":"https:\/\/www.lavida.at\/?s={search_term_string}"},"query-input":{"@type":"PropertyValueSpecification","valueRequired":true,"valueName":"search_term_string"}}],"inLanguage":"de"}]}},"_links":{"self":[{"href":"https:\/\/www.lavida.at\/index.php?rest_route=\/wp\/v2\/pages\/35","targetHints":{"allow":["GET"]}}],"collection":[{"href":"https:\/\/www.lavida.at\/index.php?rest_route=\/wp\/v2\/pages"}],"about":[{"href":"https:\/\/www.lavida.at\/index.php?rest_route=\/wp\/v2\/types\/page"}],"author":[{"embeddable":true,"href":"https:\/\/www.lavida.at\/index.php?rest_route=\/wp\/v2\/users\/2"}],"replies":[{"embeddable":true,"href":"https:\/\/www.lavida.at\/index.php?rest_route=%2Fwp%2Fv2%2Fcomments&post=35"}],"version-history":[{"count":21,"href":"https:\/\/www.lavida.at\/index.php?rest_route=\/wp\/v2\/pages\/35\/revisions"}],"predecessor-version":[{"id":208,"href":"https:\/\/www.lavida.at\/index.php?rest_route=\/wp\/v2\/pages\/35\/revisions\/208"}],"wp:attachment":[{"href":"https:\/\/www.lavida.at\/index.php?rest_route=%2Fwp%2Fv2%2Fmedia&parent=35"}],"curies":[{"name":"wp","href":"https:\/\/api.w.org\/{rel}","templated":true}]}}