{"id":275,"date":"2017-10-29T17:44:01","date_gmt":"2017-10-29T16:44:01","guid":{"rendered":"https:\/\/www.lavida.at\/?page_id=275"},"modified":"2026-04-23T07:56:12","modified_gmt":"2026-04-23T05:56:12","slug":"organigramm","status":"publish","type":"page","link":"https:\/\/www.lavida.at\/?page_id=275","title":{"rendered":"Organigramm"},"content":{"rendered":"\n<figure class=\"wp-block-image size-large\"><img loading=\"lazy\" decoding=\"async\" width=\"1024\" height=\"763\" src=\"https:\/\/www.lavida.at\/wp-content\/uploads\/2026\/04\/organigram_04_2026-1024x763.png\" alt=\"\" class=\"wp-image-678\" srcset=\"https:\/\/www.lavida.at\/wp-content\/uploads\/2026\/04\/organigram_04_2026-1024x763.png 1024w, https:\/\/www.lavida.at\/wp-content\/uploads\/2026\/04\/organigram_04_2026-300x224.png 300w, https:\/\/www.lavida.at\/wp-content\/uploads\/2026\/04\/organigram_04_2026-768x572.png 768w, https:\/\/www.lavida.at\/wp-content\/uploads\/2026\/04\/organigram_04_2026-1536x1145.png 1536w, https:\/\/www.lavida.at\/wp-content\/uploads\/2026\/04\/organigram_04_2026.png 1774w\" sizes=\"auto, (max-width: 1024px) 100vw, 1024px\" \/><\/figure>\n","protected":false},"excerpt":{"rendered":"","protected":false},"author":2,"featured_media":0,"parent":0,"menu_order":0,"comment_status":"closed","ping_status":"closed","template":"","meta":{"footnotes":""},"class_list":["post-275","page","type-page","status-publish","hentry"],"yoast_head":"<!-- This site is optimized with the Yoast SEO plugin v27.4 - https:\/\/yoast.com\/product\/yoast-seo-wordpress\/ -->\n<title>Organigramm - Elterninitiative La Vida<\/title>\n<meta name=\"robots\" content=\"index, follow, max-snippet:-1, max-image-preview:large, max-video-preview:-1\" \/>\n<link rel=\"canonical\" href=\"https:\/\/www.lavida.at\/?page_id=275\" \/>\n<meta property=\"og:locale\" content=\"de_DE\" \/>\n<meta property=\"og:type\" content=\"article\" \/>\n<meta property=\"og:title\" content=\"Organigramm - Elterninitiative La Vida\" \/>\n<meta property=\"og:url\" content=\"https:\/\/www.lavida.at\/?page_id=275\" \/>\n<meta property=\"og:site_name\" content=\"Elterninitiative La Vida\" \/>\n<meta property=\"article:modified_time\" content=\"2026-04-23T05:56:12+00:00\" \/>\n<meta property=\"og:image\" content=\"https:\/\/www.lavida.at\/wp-content\/uploads\/2026\/04\/organigram_04_2026.png\" \/>\n\t<meta property=\"og:image:width\" content=\"1774\" \/>\n\t<meta property=\"og:image:height\" content=\"1322\" \/>\n\t<meta property=\"og:image:type\" content=\"image\/png\" \/>\n<meta name=\"twitter:card\" content=\"summary_large_image\" \/>\n<meta name=\"twitter:label1\" content=\"Gesch\u00e4tzte Lesezeit\" \/>\n\t<meta name=\"twitter:data1\" content=\"1\u00a0Minute\" \/>\n<script type=\"application\/ld+json\" class=\"yoast-schema-graph\">{\"@context\":\"https:\\\/\\\/schema.org\",\"@graph\":[{\"@type\":\"WebPage\",\"@id\":\"https:\\\/\\\/www.lavida.at\\\/?page_id=275\",\"url\":\"https:\\\/\\\/www.lavida.at\\\/?page_id=275\",\"name\":\"Organigramm - Elterninitiative La Vida\",\"isPartOf\":{\"@id\":\"https:\\\/\\\/www.lavida.at\\\/#website\"},\"primaryImageOfPage\":{\"@id\":\"https:\\\/\\\/www.lavida.at\\\/?page_id=275#primaryimage\"},\"image\":{\"@id\":\"https:\\\/\\\/www.lavida.at\\\/?page_id=275#primaryimage\"},\"thumbnailUrl\":\"https:\\\/\\\/www.lavida.at\\\/wp-content\\\/uploads\\\/2026\\\/04\\\/organigram_04_2026-1024x763.png\",\"datePublished\":\"2017-10-29T16:44:01+00:00\",\"dateModified\":\"2026-04-23T05:56:12+00:00\",\"breadcrumb\":{\"@id\":\"https:\\\/\\\/www.lavida.at\\\/?page_id=275#breadcrumb\"},\"inLanguage\":\"de\",\"potentialAction\":[{\"@type\":\"ReadAction\",\"target\":[\"https:\\\/\\\/www.lavida.at\\\/?page_id=275\"]}]},{\"@type\":\"ImageObject\",\"inLanguage\":\"de\",\"@id\":\"https:\\\/\\\/www.lavida.at\\\/?page_id=275#primaryimage\",\"url\":\"https:\\\/\\\/www.lavida.at\\\/wp-content\\\/uploads\\\/2026\\\/04\\\/organigram_04_2026.png\",\"contentUrl\":\"https:\\\/\\\/www.lavida.at\\\/wp-content\\\/uploads\\\/2026\\\/04\\\/organigram_04_2026.png\",\"width\":1774,\"height\":1322},{\"@type\":\"BreadcrumbList\",\"@id\":\"https:\\\/\\\/www.lavida.at\\\/?page_id=275#breadcrumb\",\"itemListElement\":[{\"@type\":\"ListItem\",\"position\":1,\"name\":\"Startseite\",\"item\":\"https:\\\/\\\/www.lavida.at\\\/\"},{\"@type\":\"ListItem\",\"position\":2,\"name\":\"Organigramm\"}]},{\"@type\":\"WebSite\",\"@id\":\"https:\\\/\\\/www.lavida.at\\\/#website\",\"url\":\"https:\\\/\\\/www.lavida.at\\\/\",\"name\":\"Elterninitiative La Vida\",\"description\":\"La Vida ist ein gemeinn\u00fctziger Verein, der Ende 2000 von den Sehfr\u00fchf\u00f6rderInnen Hermann Lang, Monika Letonja, Sigrid Shaban-Neuhold und von Eltern betreuter Kinder gegr\u00fcndet wurde. Seit 2006 bieten wir neben Mobiler Sehfr\u00fchf\u00f6rderung und Allgemeiner Fr\u00fchf\u00f6rderung auch Familienentlastung an.\",\"potentialAction\":[{\"@type\":\"SearchAction\",\"target\":{\"@type\":\"EntryPoint\",\"urlTemplate\":\"https:\\\/\\\/www.lavida.at\\\/?s={search_term_string}\"},\"query-input\":{\"@type\":\"PropertyValueSpecification\",\"valueRequired\":true,\"valueName\":\"search_term_string\"}}],\"inLanguage\":\"de\"}]}<\/script>\n<!-- \/ Yoast SEO plugin. -->","yoast_head_json":{"title":"Organigramm - Elterninitiative La Vida","robots":{"index":"index","follow":"follow","max-snippet":"max-snippet:-1","max-image-preview":"max-image-preview:large","max-video-preview":"max-video-preview:-1"},"canonical":"https:\/\/www.lavida.at\/?page_id=275","og_locale":"de_DE","og_type":"article","og_title":"Organigramm - Elterninitiative La Vida","og_url":"https:\/\/www.lavida.at\/?page_id=275","og_site_name":"Elterninitiative La Vida","article_modified_time":"2026-04-23T05:56:12+00:00","og_image":[{"width":1774,"height":1322,"url":"https:\/\/www.lavida.at\/wp-content\/uploads\/2026\/04\/organigram_04_2026.png","type":"image\/png"}],"twitter_card":"summary_large_image","twitter_misc":{"Gesch\u00e4tzte Lesezeit":"1\u00a0Minute"},"schema":{"@context":"https:\/\/schema.org","@graph":[{"@type":"WebPage","@id":"https:\/\/www.lavida.at\/?page_id=275","url":"https:\/\/www.lavida.at\/?page_id=275","name":"Organigramm - Elterninitiative La Vida","isPartOf":{"@id":"https:\/\/www.lavida.at\/#website"},"primaryImageOfPage":{"@id":"https:\/\/www.lavida.at\/?page_id=275#primaryimage"},"image":{"@id":"https:\/\/www.lavida.at\/?page_id=275#primaryimage"},"thumbnailUrl":"https:\/\/www.lavida.at\/wp-content\/uploads\/2026\/04\/organigram_04_2026-1024x763.png","datePublished":"2017-10-29T16:44:01+00:00","dateModified":"2026-04-23T05:56:12+00:00","breadcrumb":{"@id":"https:\/\/www.lavida.at\/?page_id=275#breadcrumb"},"inLanguage":"de","potentialAction":[{"@type":"ReadAction","target":["https:\/\/www.lavida.at\/?page_id=275"]}]},{"@type":"ImageObject","inLanguage":"de","@id":"https:\/\/www.lavida.at\/?page_id=275#primaryimage","url":"https:\/\/www.lavida.at\/wp-content\/uploads\/2026\/04\/organigram_04_2026.png","contentUrl":"https:\/\/www.lavida.at\/wp-content\/uploads\/2026\/04\/organigram_04_2026.png","width":1774,"height":1322},{"@type":"BreadcrumbList","@id":"https:\/\/www.lavida.at\/?page_id=275#breadcrumb","itemListElement":[{"@type":"ListItem","position":1,"name":"Startseite","item":"https:\/\/www.lavida.at\/"},{"@type":"ListItem","position":2,"name":"Organigramm"}]},{"@type":"WebSite","@id":"https:\/\/www.lavida.at\/#website","url":"https:\/\/www.lavida.at\/","name":"Elterninitiative La Vida","description":"La Vida ist ein gemeinn\u00fctziger Verein, der Ende 2000 von den Sehfr\u00fchf\u00f6rderInnen Hermann Lang, Monika Letonja, Sigrid Shaban-Neuhold und von Eltern betreuter Kinder gegr\u00fcndet wurde. Seit 2006 bieten wir neben Mobiler Sehfr\u00fchf\u00f6rderung und Allgemeiner Fr\u00fchf\u00f6rderung auch Familienentlastung an.","potentialAction":[{"@type":"SearchAction","target":{"@type":"EntryPoint","urlTemplate":"https:\/\/www.lavida.at\/?s={search_term_string}"},"query-input":{"@type":"PropertyValueSpecification","valueRequired":true,"valueName":"search_term_string"}}],"inLanguage":"de"}]}},"_links":{"self":[{"href":"https:\/\/www.lavida.at\/index.php?rest_route=\/wp\/v2\/pages\/275","targetHints":{"allow":["GET"]}}],"collection":[{"href":"https:\/\/www.lavida.at\/index.php?rest_route=\/wp\/v2\/pages"}],"about":[{"href":"https:\/\/www.lavida.at\/index.php?rest_route=\/wp\/v2\/types\/page"}],"author":[{"embeddable":true,"href":"https:\/\/www.lavida.at\/index.php?rest_route=\/wp\/v2\/users\/2"}],"replies":[{"embeddable":true,"href":"https:\/\/www.lavida.at\/index.php?rest_route=%2Fwp%2Fv2%2Fcomments&post=275"}],"version-history":[{"count":20,"href":"https:\/\/www.lavida.at\/index.php?rest_route=\/wp\/v2\/pages\/275\/revisions"}],"predecessor-version":[{"id":679,"href":"https:\/\/www.lavida.at\/index.php?rest_route=\/wp\/v2\/pages\/275\/revisions\/679"}],"wp:attachment":[{"href":"https:\/\/www.lavida.at\/index.php?rest_route=%2Fwp%2Fv2%2Fmedia&parent=275"}],"curies":[{"name":"wp","href":"https:\/\/api.w.org\/{rel}","templated":true}]}}