{"id":266,"date":"2017-10-29T17:17:52","date_gmt":"2017-10-29T16:17:52","guid":{"rendered":"https:\/\/www.lavida.at\/?page_id=266"},"modified":"2024-02-06T16:36:57","modified_gmt":"2024-02-06T15:36:57","slug":"spendenkonto","status":"publish","type":"page","link":"https:\/\/www.lavida.at\/?page_id=266","title":{"rendered":"Spenden"},"content":{"rendered":"<h4>SPENDENKONTO: RAIFFEISEN-LANDESBANK STEIERMARK AG<\/h4>\n<p>IBAN: AT26 3800 0000 0568 2430<\/p>\n<hr \/>\n<p>Wir danken den angef\u00fchrten Firmen f\u00fcr Ihre wertvollen Spenden zur Ausstattung unseres Dunkel-Licht-Raums!<\/p>\n<ul>\n<li><strong>XAL GmbH<br \/>\n<\/strong><em>Auer-Welsbach-Gasse 36, 8055 Graz, <\/em><a href=\"http:\/\/www.xal.com\" target=\"_blank\" rel=\"noopener\"><em>www.xal.com<\/em><\/a><\/li>\n<li><strong>The Gentlemen Creatives<br \/>\n<\/strong><em>Hainburger Stra\u00dfe 20\/15, 1030 Wien, <a href=\"http:\/\/www.thegentlemencreatives.com\" target=\"_blank\" rel=\"noopener\">www.thegentlemencreatives.com<\/a><\/em><\/li>\n<\/ul>\n","protected":false},"excerpt":{"rendered":"<p>SPENDENKONTO: RAIFFEISEN-LANDESBANK STEIERMARK AG IBAN: AT26 3800 0000 0568 2430 Wir danken den angef\u00fchrten Firmen f\u00fcr Ihre wertvollen Spenden zur Ausstattung unseres Dunkel-Licht-Raums! XAL GmbH Auer-Welsbach-Gasse 36, 8055 Graz, www.xal.com The Gentlemen Creatives Hainburger Stra\u00dfe 20\/15, 1030 Wien, www.thegentlemencreatives.com<\/p>\n","protected":false},"author":2,"featured_media":0,"parent":0,"menu_order":0,"comment_status":"closed","ping_status":"closed","template":"","meta":{"footnotes":""},"class_list":["post-266","page","type-page","status-publish","hentry"],"yoast_head":"<!-- This site is optimized with the Yoast SEO plugin v27.4 - https:\/\/yoast.com\/product\/yoast-seo-wordpress\/ -->\n<title>Spenden - Elterninitiative La Vida<\/title>\n<meta name=\"robots\" content=\"index, follow, max-snippet:-1, max-image-preview:large, max-video-preview:-1\" \/>\n<link rel=\"canonical\" href=\"https:\/\/www.lavida.at\/?page_id=266\" \/>\n<meta property=\"og:locale\" content=\"de_DE\" \/>\n<meta property=\"og:type\" content=\"article\" \/>\n<meta property=\"og:title\" content=\"Spenden - Elterninitiative La Vida\" \/>\n<meta property=\"og:description\" content=\"SPENDENKONTO: RAIFFEISEN-LANDESBANK STEIERMARK AG IBAN: AT26 3800 0000 0568 2430 Wir danken den angef\u00fchrten Firmen f\u00fcr Ihre wertvollen Spenden zur Ausstattung unseres Dunkel-Licht-Raums! XAL GmbH Auer-Welsbach-Gasse 36, 8055 Graz, www.xal.com The Gentlemen Creatives Hainburger Stra\u00dfe 20\/15, 1030 Wien, www.thegentlemencreatives.com\" \/>\n<meta property=\"og:url\" content=\"https:\/\/www.lavida.at\/?page_id=266\" \/>\n<meta property=\"og:site_name\" content=\"Elterninitiative La Vida\" \/>\n<meta property=\"article:modified_time\" content=\"2024-02-06T15:36:57+00:00\" \/>\n<meta name=\"twitter:card\" content=\"summary_large_image\" \/>\n<meta name=\"twitter:label1\" content=\"Gesch\u00e4tzte Lesezeit\" \/>\n\t<meta name=\"twitter:data1\" content=\"1\u00a0Minute\" \/>\n<script type=\"application\/ld+json\" class=\"yoast-schema-graph\">{\"@context\":\"https:\\\/\\\/schema.org\",\"@graph\":[{\"@type\":\"WebPage\",\"@id\":\"https:\\\/\\\/www.lavida.at\\\/?page_id=266\",\"url\":\"https:\\\/\\\/www.lavida.at\\\/?page_id=266\",\"name\":\"Spenden - Elterninitiative La Vida\",\"isPartOf\":{\"@id\":\"https:\\\/\\\/www.lavida.at\\\/#website\"},\"datePublished\":\"2017-10-29T16:17:52+00:00\",\"dateModified\":\"2024-02-06T15:36:57+00:00\",\"breadcrumb\":{\"@id\":\"https:\\\/\\\/www.lavida.at\\\/?page_id=266#breadcrumb\"},\"inLanguage\":\"de\",\"potentialAction\":[{\"@type\":\"ReadAction\",\"target\":[\"https:\\\/\\\/www.lavida.at\\\/?page_id=266\"]}]},{\"@type\":\"BreadcrumbList\",\"@id\":\"https:\\\/\\\/www.lavida.at\\\/?page_id=266#breadcrumb\",\"itemListElement\":[{\"@type\":\"ListItem\",\"position\":1,\"name\":\"Startseite\",\"item\":\"https:\\\/\\\/www.lavida.at\\\/\"},{\"@type\":\"ListItem\",\"position\":2,\"name\":\"Spenden\"}]},{\"@type\":\"WebSite\",\"@id\":\"https:\\\/\\\/www.lavida.at\\\/#website\",\"url\":\"https:\\\/\\\/www.lavida.at\\\/\",\"name\":\"Elterninitiative La Vida\",\"description\":\"La Vida ist ein gemeinn\u00fctziger Verein, der Ende 2000 von den Sehfr\u00fchf\u00f6rderInnen Hermann Lang, Monika Letonja, Sigrid Shaban-Neuhold und von Eltern betreuter Kinder gegr\u00fcndet wurde. Seit 2006 bieten wir neben Mobiler Sehfr\u00fchf\u00f6rderung und Allgemeiner Fr\u00fchf\u00f6rderung auch Familienentlastung an.\",\"potentialAction\":[{\"@type\":\"SearchAction\",\"target\":{\"@type\":\"EntryPoint\",\"urlTemplate\":\"https:\\\/\\\/www.lavida.at\\\/?s={search_term_string}\"},\"query-input\":{\"@type\":\"PropertyValueSpecification\",\"valueRequired\":true,\"valueName\":\"search_term_string\"}}],\"inLanguage\":\"de\"}]}<\/script>\n<!-- \/ Yoast SEO plugin. -->","yoast_head_json":{"title":"Spenden - Elterninitiative La Vida","robots":{"index":"index","follow":"follow","max-snippet":"max-snippet:-1","max-image-preview":"max-image-preview:large","max-video-preview":"max-video-preview:-1"},"canonical":"https:\/\/www.lavida.at\/?page_id=266","og_locale":"de_DE","og_type":"article","og_title":"Spenden - Elterninitiative La Vida","og_description":"SPENDENKONTO: RAIFFEISEN-LANDESBANK STEIERMARK AG IBAN: AT26 3800 0000 0568 2430 Wir danken den angef\u00fchrten Firmen f\u00fcr Ihre wertvollen Spenden zur Ausstattung unseres Dunkel-Licht-Raums! XAL GmbH Auer-Welsbach-Gasse 36, 8055 Graz, www.xal.com The Gentlemen Creatives Hainburger Stra\u00dfe 20\/15, 1030 Wien, www.thegentlemencreatives.com","og_url":"https:\/\/www.lavida.at\/?page_id=266","og_site_name":"Elterninitiative La Vida","article_modified_time":"2024-02-06T15:36:57+00:00","twitter_card":"summary_large_image","twitter_misc":{"Gesch\u00e4tzte Lesezeit":"1\u00a0Minute"},"schema":{"@context":"https:\/\/schema.org","@graph":[{"@type":"WebPage","@id":"https:\/\/www.lavida.at\/?page_id=266","url":"https:\/\/www.lavida.at\/?page_id=266","name":"Spenden - Elterninitiative La Vida","isPartOf":{"@id":"https:\/\/www.lavida.at\/#website"},"datePublished":"2017-10-29T16:17:52+00:00","dateModified":"2024-02-06T15:36:57+00:00","breadcrumb":{"@id":"https:\/\/www.lavida.at\/?page_id=266#breadcrumb"},"inLanguage":"de","potentialAction":[{"@type":"ReadAction","target":["https:\/\/www.lavida.at\/?page_id=266"]}]},{"@type":"BreadcrumbList","@id":"https:\/\/www.lavida.at\/?page_id=266#breadcrumb","itemListElement":[{"@type":"ListItem","position":1,"name":"Startseite","item":"https:\/\/www.lavida.at\/"},{"@type":"ListItem","position":2,"name":"Spenden"}]},{"@type":"WebSite","@id":"https:\/\/www.lavida.at\/#website","url":"https:\/\/www.lavida.at\/","name":"Elterninitiative La Vida","description":"La Vida ist ein gemeinn\u00fctziger Verein, der Ende 2000 von den Sehfr\u00fchf\u00f6rderInnen Hermann Lang, Monika Letonja, Sigrid Shaban-Neuhold und von Eltern betreuter Kinder gegr\u00fcndet wurde. Seit 2006 bieten wir neben Mobiler Sehfr\u00fchf\u00f6rderung und Allgemeiner Fr\u00fchf\u00f6rderung auch Familienentlastung an.","potentialAction":[{"@type":"SearchAction","target":{"@type":"EntryPoint","urlTemplate":"https:\/\/www.lavida.at\/?s={search_term_string}"},"query-input":{"@type":"PropertyValueSpecification","valueRequired":true,"valueName":"search_term_string"}}],"inLanguage":"de"}]}},"_links":{"self":[{"href":"https:\/\/www.lavida.at\/index.php?rest_route=\/wp\/v2\/pages\/266","targetHints":{"allow":["GET"]}}],"collection":[{"href":"https:\/\/www.lavida.at\/index.php?rest_route=\/wp\/v2\/pages"}],"about":[{"href":"https:\/\/www.lavida.at\/index.php?rest_route=\/wp\/v2\/types\/page"}],"author":[{"embeddable":true,"href":"https:\/\/www.lavida.at\/index.php?rest_route=\/wp\/v2\/users\/2"}],"replies":[{"embeddable":true,"href":"https:\/\/www.lavida.at\/index.php?rest_route=%2Fwp%2Fv2%2Fcomments&post=266"}],"version-history":[{"count":67,"href":"https:\/\/www.lavida.at\/index.php?rest_route=\/wp\/v2\/pages\/266\/revisions"}],"predecessor-version":[{"id":603,"href":"https:\/\/www.lavida.at\/index.php?rest_route=\/wp\/v2\/pages\/266\/revisions\/603"}],"wp:attachment":[{"href":"https:\/\/www.lavida.at\/index.php?rest_route=%2Fwp%2Fv2%2Fmedia&parent=266"}],"curies":[{"name":"wp","href":"https:\/\/api.w.org\/{rel}","templated":true}]}}