{"id":193,"date":"2016-08-26T10:34:40","date_gmt":"2016-08-26T08:34:40","guid":{"rendered":"https:\/\/www.lavida.at\/?page_id=193"},"modified":"2017-01-09T13:24:47","modified_gmt":"2017-01-09T12:24:47","slug":"folder","status":"publish","type":"page","link":"https:\/\/www.lavida.at\/?page_id=193","title":{"rendered":"Folder"},"content":{"rendered":"<p><strong><a href=\"https:\/\/www.lavida.at\/wp-content\/uploads\/2016\/04\/folder1.pdf\">Folder 1<\/a><\/strong><\/p>\n<p><strong><a href=\"https:\/\/www.lavida.at\/wp-content\/uploads\/2016\/04\/folder2.pdf\">Folder 2<\/a><\/strong><\/p>\n<p><strong><a href=\"https:\/\/www.lavida.at\/wp-content\/uploads\/2016\/08\/LAVIDA_folder1arabisch.pdf\">Folder (Arabisch)<\/a><\/strong><\/p>\n<p><a href=\"https:\/\/www.lavida.at\/wp-content\/uploads\/2016\/08\/LAVIDA_folder1bosnisch.pdf\"><strong>Folder (Bosnisch)<\/strong><\/a><\/p>\n<p><a href=\"https:\/\/www.lavida.at\/wp-content\/uploads\/2016\/08\/LAVIDA_folder1englisch.pdf\"><strong>Folder (Englisch)<\/strong><\/a><\/p>\n<p><a href=\"https:\/\/www.lavida.at\/wp-content\/uploads\/2016\/08\/LAVIDA_folder1tu\u0308rkisch.pdf\"><strong>Folder (T\u00fcrkisch)<\/strong><\/a><\/p>\n<p>&nbsp;<\/p>\n","protected":false},"excerpt":{"rendered":"<p>Folder 1 Folder 2 Folder (Arabisch) Folder (Bosnisch) Folder (Englisch) Folder (T\u00fcrkisch) &nbsp;<\/p>\n","protected":false},"author":2,"featured_media":0,"parent":0,"menu_order":0,"comment_status":"closed","ping_status":"closed","template":"","meta":{"footnotes":""},"class_list":["post-193","page","type-page","status-publish","hentry"],"yoast_head":"<!-- This site is optimized with the Yoast SEO plugin v27.4 - https:\/\/yoast.com\/product\/yoast-seo-wordpress\/ -->\n<title>Folder - Elterninitiative La Vida<\/title>\n<meta name=\"robots\" content=\"index, follow, max-snippet:-1, max-image-preview:large, max-video-preview:-1\" \/>\n<link rel=\"canonical\" href=\"https:\/\/www.lavida.at\/?page_id=193\" \/>\n<meta property=\"og:locale\" content=\"de_DE\" \/>\n<meta property=\"og:type\" content=\"article\" \/>\n<meta property=\"og:title\" content=\"Folder - Elterninitiative La Vida\" \/>\n<meta property=\"og:description\" content=\"Folder 1 Folder 2 Folder (Arabisch) Folder (Bosnisch) Folder (Englisch) Folder (T\u00fcrkisch) &nbsp;\" \/>\n<meta property=\"og:url\" content=\"https:\/\/www.lavida.at\/?page_id=193\" \/>\n<meta property=\"og:site_name\" content=\"Elterninitiative La Vida\" \/>\n<meta property=\"article:modified_time\" content=\"2017-01-09T12:24:47+00:00\" \/>\n<meta name=\"twitter:card\" content=\"summary_large_image\" \/>\n<script type=\"application\/ld+json\" class=\"yoast-schema-graph\">{\"@context\":\"https:\\\/\\\/schema.org\",\"@graph\":[{\"@type\":\"WebPage\",\"@id\":\"https:\\\/\\\/www.lavida.at\\\/?page_id=193\",\"url\":\"https:\\\/\\\/www.lavida.at\\\/?page_id=193\",\"name\":\"Folder - Elterninitiative La Vida\",\"isPartOf\":{\"@id\":\"https:\\\/\\\/www.lavida.at\\\/#website\"},\"datePublished\":\"2016-08-26T08:34:40+00:00\",\"dateModified\":\"2017-01-09T12:24:47+00:00\",\"breadcrumb\":{\"@id\":\"https:\\\/\\\/www.lavida.at\\\/?page_id=193#breadcrumb\"},\"inLanguage\":\"de\",\"potentialAction\":[{\"@type\":\"ReadAction\",\"target\":[\"https:\\\/\\\/www.lavida.at\\\/?page_id=193\"]}]},{\"@type\":\"BreadcrumbList\",\"@id\":\"https:\\\/\\\/www.lavida.at\\\/?page_id=193#breadcrumb\",\"itemListElement\":[{\"@type\":\"ListItem\",\"position\":1,\"name\":\"Startseite\",\"item\":\"https:\\\/\\\/www.lavida.at\\\/\"},{\"@type\":\"ListItem\",\"position\":2,\"name\":\"Folder\"}]},{\"@type\":\"WebSite\",\"@id\":\"https:\\\/\\\/www.lavida.at\\\/#website\",\"url\":\"https:\\\/\\\/www.lavida.at\\\/\",\"name\":\"Elterninitiative La Vida\",\"description\":\"La Vida ist ein gemeinn\u00fctziger Verein, der Ende 2000 von den Sehfr\u00fchf\u00f6rderInnen Hermann Lang, Monika Letonja, Sigrid Shaban-Neuhold und von Eltern betreuter Kinder gegr\u00fcndet wurde. Seit 2006 bieten wir neben Mobiler Sehfr\u00fchf\u00f6rderung und Allgemeiner Fr\u00fchf\u00f6rderung auch Familienentlastung an.\",\"potentialAction\":[{\"@type\":\"SearchAction\",\"target\":{\"@type\":\"EntryPoint\",\"urlTemplate\":\"https:\\\/\\\/www.lavida.at\\\/?s={search_term_string}\"},\"query-input\":{\"@type\":\"PropertyValueSpecification\",\"valueRequired\":true,\"valueName\":\"search_term_string\"}}],\"inLanguage\":\"de\"}]}<\/script>\n<!-- \/ Yoast SEO plugin. -->","yoast_head_json":{"title":"Folder - Elterninitiative La Vida","robots":{"index":"index","follow":"follow","max-snippet":"max-snippet:-1","max-image-preview":"max-image-preview:large","max-video-preview":"max-video-preview:-1"},"canonical":"https:\/\/www.lavida.at\/?page_id=193","og_locale":"de_DE","og_type":"article","og_title":"Folder - Elterninitiative La Vida","og_description":"Folder 1 Folder 2 Folder (Arabisch) Folder (Bosnisch) Folder (Englisch) Folder (T\u00fcrkisch) &nbsp;","og_url":"https:\/\/www.lavida.at\/?page_id=193","og_site_name":"Elterninitiative La Vida","article_modified_time":"2017-01-09T12:24:47+00:00","twitter_card":"summary_large_image","schema":{"@context":"https:\/\/schema.org","@graph":[{"@type":"WebPage","@id":"https:\/\/www.lavida.at\/?page_id=193","url":"https:\/\/www.lavida.at\/?page_id=193","name":"Folder - Elterninitiative La Vida","isPartOf":{"@id":"https:\/\/www.lavida.at\/#website"},"datePublished":"2016-08-26T08:34:40+00:00","dateModified":"2017-01-09T12:24:47+00:00","breadcrumb":{"@id":"https:\/\/www.lavida.at\/?page_id=193#breadcrumb"},"inLanguage":"de","potentialAction":[{"@type":"ReadAction","target":["https:\/\/www.lavida.at\/?page_id=193"]}]},{"@type":"BreadcrumbList","@id":"https:\/\/www.lavida.at\/?page_id=193#breadcrumb","itemListElement":[{"@type":"ListItem","position":1,"name":"Startseite","item":"https:\/\/www.lavida.at\/"},{"@type":"ListItem","position":2,"name":"Folder"}]},{"@type":"WebSite","@id":"https:\/\/www.lavida.at\/#website","url":"https:\/\/www.lavida.at\/","name":"Elterninitiative La Vida","description":"La Vida ist ein gemeinn\u00fctziger Verein, der Ende 2000 von den Sehfr\u00fchf\u00f6rderInnen Hermann Lang, Monika Letonja, Sigrid Shaban-Neuhold und von Eltern betreuter Kinder gegr\u00fcndet wurde. Seit 2006 bieten wir neben Mobiler Sehfr\u00fchf\u00f6rderung und Allgemeiner Fr\u00fchf\u00f6rderung auch Familienentlastung an.","potentialAction":[{"@type":"SearchAction","target":{"@type":"EntryPoint","urlTemplate":"https:\/\/www.lavida.at\/?s={search_term_string}"},"query-input":{"@type":"PropertyValueSpecification","valueRequired":true,"valueName":"search_term_string"}}],"inLanguage":"de"}]}},"_links":{"self":[{"href":"https:\/\/www.lavida.at\/index.php?rest_route=\/wp\/v2\/pages\/193","targetHints":{"allow":["GET"]}}],"collection":[{"href":"https:\/\/www.lavida.at\/index.php?rest_route=\/wp\/v2\/pages"}],"about":[{"href":"https:\/\/www.lavida.at\/index.php?rest_route=\/wp\/v2\/types\/page"}],"author":[{"embeddable":true,"href":"https:\/\/www.lavida.at\/index.php?rest_route=\/wp\/v2\/users\/2"}],"replies":[{"embeddable":true,"href":"https:\/\/www.lavida.at\/index.php?rest_route=%2Fwp%2Fv2%2Fcomments&post=193"}],"version-history":[{"count":4,"href":"https:\/\/www.lavida.at\/index.php?rest_route=\/wp\/v2\/pages\/193\/revisions"}],"predecessor-version":[{"id":216,"href":"https:\/\/www.lavida.at\/index.php?rest_route=\/wp\/v2\/pages\/193\/revisions\/216"}],"wp:attachment":[{"href":"https:\/\/www.lavida.at\/index.php?rest_route=%2Fwp%2Fv2%2Fmedia&parent=193"}],"curies":[{"name":"wp","href":"https:\/\/api.w.org\/{rel}","templated":true}]}}