{"id":125,"date":"2016-04-22T13:15:42","date_gmt":"2016-04-22T11:15:42","guid":{"rendered":"https:\/\/www.lavida.at\/?page_id=125"},"modified":"2025-09-24T13:15:09","modified_gmt":"2025-09-24T11:15:09","slug":"impressum","status":"publish","type":"page","link":"https:\/\/www.lavida.at\/?page_id=125","title":{"rendered":"Impressum"},"content":{"rendered":"<p class=\"p1\"><span class=\"s1\">Angaben gem\u00e4\u00df \u00a7 5 TMG:\u00a0<\/span><\/p>\n<p class=\"p1\"><span class=\"s1\">La Vida e. V.<\/span><\/p>\n<p class=\"p1\">Lazarettg\u00fcrtel 54\/P\/4<\/p>\n<p class=\"p1\"><span class=\"s1\">8020 Graz\u00a0<\/span><\/p>\n<p class=\"p3\"><span class=\"s1\"><b>Vertreten durch:<\/b><\/span><\/p>\n<p class=\"p1\">Ulla Vardic<\/p>\n<p class=\"p3\"><span class=\"s1\"><b>Kontakt<\/b><\/span><\/p>\n<p class=\"p1\"><span class=\"s1\">Telefon: +43 316 4682-224<\/span><\/p>\n<p class=\"p1\"><span class=\"s1\">Telefax: +43 316 4682-110<\/span><\/p>\n<p class=\"p1\"><span class=\"s1\">E-Mail: office@lavida.at<\/span><\/p>\n<p class=\"p3\"><span class=\"s1\"><b>Entwicklung und Gestaltung<\/b><\/span><\/p>\n<p class=\"p1\"><span class=\"s1\">Michael Zakary<\/span><\/p>\n<p class=\"p1\"><span class=\"s1\">Telefon: 0664\/2244676<\/span><\/p>\n<p>m.zakary@hotmail.com<\/p>\n<p><strong>Konzept und Technische Umsetzung<\/strong><\/p>\n<p class=\"p1\"><span class=\"s1\">mawo-IT e.U.<\/span><\/p>\n<p class=\"p1\"><span class=\"s1\">https:\/\/www.mawo-it.at<\/span><\/p>\n<p>mail@mawo-it.at<\/p>\n<blockquote><p><em>Die auf den Internetseiten von La Vida e. V. enthaltenen Inhalte dienen lediglich zur Information. F\u00fcr dennoch enthaltene Fehler kann keinerlei Haftung \u00fcbernommen werden. F\u00fcr Links und Inhalte der verlinkten Seiten erkl\u00e4ren sich La Vida e. V. und mawo-IT e.U. als nicht verantwortlich f\u00fcr deren Inhalt, Gestaltung, Funktion und evt. Rechte.\u2028 Jede Nutzung und Weiterverwendung von Inhalten wie Texte, Bilder, Grafiken, Informationen und Daten au\u00dferhalb dieser Internetseiten, bedarf ausnahmslos der schriftlichen Genehmigung von mawo-IT e.U. und\/oder La\u00a0<\/em><i>Vida e. V..<\/i><\/p><\/blockquote>\n","protected":false},"excerpt":{"rendered":"<p>Angaben gem\u00e4\u00df \u00a7 5 TMG:\u00a0 La Vida e. V. Lazarettg\u00fcrtel 54\/P\/4 8020 Graz\u00a0 Vertreten durch: Ulla Vardic Kontakt Telefon: +43 316 4682-224 Telefax: +43 316 4682-110 E-Mail: office@lavida.at Entwicklung und Gestaltung Michael Zakary Telefon: 0664\/2244676 m.zakary@hotmail.com Konzept und Technische Umsetzung mawo-IT e.U. https:\/\/www.mawo-it.at mail@mawo-it.at Die auf den Internetseiten von La Vida e. V. enthaltenen Inhalte<a href=\"https:\/\/www.lavida.at\/?page_id=125\">[&#8230;]<\/a><\/p>\n","protected":false},"author":2,"featured_media":0,"parent":0,"menu_order":0,"comment_status":"closed","ping_status":"closed","template":"","meta":{"footnotes":""},"class_list":["post-125","page","type-page","status-publish","hentry"],"yoast_head":"<!-- This site is optimized with the Yoast SEO plugin v27.4 - https:\/\/yoast.com\/product\/yoast-seo-wordpress\/ -->\n<title>Impressum - Elterninitiative La Vida<\/title>\n<meta name=\"robots\" content=\"index, follow, max-snippet:-1, max-image-preview:large, max-video-preview:-1\" \/>\n<link rel=\"canonical\" href=\"https:\/\/www.lavida.at\/?page_id=125\" \/>\n<meta property=\"og:locale\" content=\"de_DE\" \/>\n<meta property=\"og:type\" content=\"article\" \/>\n<meta property=\"og:title\" content=\"Impressum - Elterninitiative La Vida\" \/>\n<meta property=\"og:description\" content=\"Angaben gem\u00e4\u00df \u00a7 5 TMG:\u00a0 La Vida e. V. Lazarettg\u00fcrtel 54\/P\/4 8020 Graz\u00a0 Vertreten durch: Ulla Vardic Kontakt Telefon: +43 316 4682-224 Telefax: +43 316 4682-110 E-Mail: office@lavida.at Entwicklung und Gestaltung Michael Zakary Telefon: 0664\/2244676 m.zakary@hotmail.com Konzept und Technische Umsetzung mawo-IT e.U. https:\/\/www.mawo-it.at mail@mawo-it.at Die auf den Internetseiten von La Vida e. V. enthaltenen Inhalte[...]\" \/>\n<meta property=\"og:url\" content=\"https:\/\/www.lavida.at\/?page_id=125\" \/>\n<meta property=\"og:site_name\" content=\"Elterninitiative La Vida\" \/>\n<meta property=\"article:modified_time\" content=\"2025-09-24T11:15:09+00:00\" \/>\n<meta name=\"twitter:card\" content=\"summary_large_image\" \/>\n<meta name=\"twitter:label1\" content=\"Gesch\u00e4tzte Lesezeit\" \/>\n\t<meta name=\"twitter:data1\" content=\"1\u00a0Minute\" \/>\n<script type=\"application\/ld+json\" class=\"yoast-schema-graph\">{\"@context\":\"https:\\\/\\\/schema.org\",\"@graph\":[{\"@type\":\"WebPage\",\"@id\":\"https:\\\/\\\/www.lavida.at\\\/?page_id=125\",\"url\":\"https:\\\/\\\/www.lavida.at\\\/?page_id=125\",\"name\":\"Impressum - Elterninitiative La Vida\",\"isPartOf\":{\"@id\":\"https:\\\/\\\/www.lavida.at\\\/#website\"},\"datePublished\":\"2016-04-22T11:15:42+00:00\",\"dateModified\":\"2025-09-24T11:15:09+00:00\",\"breadcrumb\":{\"@id\":\"https:\\\/\\\/www.lavida.at\\\/?page_id=125#breadcrumb\"},\"inLanguage\":\"de\",\"potentialAction\":[{\"@type\":\"ReadAction\",\"target\":[\"https:\\\/\\\/www.lavida.at\\\/?page_id=125\"]}]},{\"@type\":\"BreadcrumbList\",\"@id\":\"https:\\\/\\\/www.lavida.at\\\/?page_id=125#breadcrumb\",\"itemListElement\":[{\"@type\":\"ListItem\",\"position\":1,\"name\":\"Startseite\",\"item\":\"https:\\\/\\\/www.lavida.at\\\/\"},{\"@type\":\"ListItem\",\"position\":2,\"name\":\"Impressum\"}]},{\"@type\":\"WebSite\",\"@id\":\"https:\\\/\\\/www.lavida.at\\\/#website\",\"url\":\"https:\\\/\\\/www.lavida.at\\\/\",\"name\":\"Elterninitiative La Vida\",\"description\":\"La Vida ist ein gemeinn\u00fctziger Verein, der Ende 2000 von den Sehfr\u00fchf\u00f6rderInnen Hermann Lang, Monika Letonja, Sigrid Shaban-Neuhold und von Eltern betreuter Kinder gegr\u00fcndet wurde. Seit 2006 bieten wir neben Mobiler Sehfr\u00fchf\u00f6rderung und Allgemeiner Fr\u00fchf\u00f6rderung auch Familienentlastung an.\",\"potentialAction\":[{\"@type\":\"SearchAction\",\"target\":{\"@type\":\"EntryPoint\",\"urlTemplate\":\"https:\\\/\\\/www.lavida.at\\\/?s={search_term_string}\"},\"query-input\":{\"@type\":\"PropertyValueSpecification\",\"valueRequired\":true,\"valueName\":\"search_term_string\"}}],\"inLanguage\":\"de\"}]}<\/script>\n<!-- \/ Yoast SEO plugin. -->","yoast_head_json":{"title":"Impressum - Elterninitiative La Vida","robots":{"index":"index","follow":"follow","max-snippet":"max-snippet:-1","max-image-preview":"max-image-preview:large","max-video-preview":"max-video-preview:-1"},"canonical":"https:\/\/www.lavida.at\/?page_id=125","og_locale":"de_DE","og_type":"article","og_title":"Impressum - Elterninitiative La Vida","og_description":"Angaben gem\u00e4\u00df \u00a7 5 TMG:\u00a0 La Vida e. V. Lazarettg\u00fcrtel 54\/P\/4 8020 Graz\u00a0 Vertreten durch: Ulla Vardic Kontakt Telefon: +43 316 4682-224 Telefax: +43 316 4682-110 E-Mail: office@lavida.at Entwicklung und Gestaltung Michael Zakary Telefon: 0664\/2244676 m.zakary@hotmail.com Konzept und Technische Umsetzung mawo-IT e.U. https:\/\/www.mawo-it.at mail@mawo-it.at Die auf den Internetseiten von La Vida e. V. enthaltenen Inhalte[...]","og_url":"https:\/\/www.lavida.at\/?page_id=125","og_site_name":"Elterninitiative La Vida","article_modified_time":"2025-09-24T11:15:09+00:00","twitter_card":"summary_large_image","twitter_misc":{"Gesch\u00e4tzte Lesezeit":"1\u00a0Minute"},"schema":{"@context":"https:\/\/schema.org","@graph":[{"@type":"WebPage","@id":"https:\/\/www.lavida.at\/?page_id=125","url":"https:\/\/www.lavida.at\/?page_id=125","name":"Impressum - Elterninitiative La Vida","isPartOf":{"@id":"https:\/\/www.lavida.at\/#website"},"datePublished":"2016-04-22T11:15:42+00:00","dateModified":"2025-09-24T11:15:09+00:00","breadcrumb":{"@id":"https:\/\/www.lavida.at\/?page_id=125#breadcrumb"},"inLanguage":"de","potentialAction":[{"@type":"ReadAction","target":["https:\/\/www.lavida.at\/?page_id=125"]}]},{"@type":"BreadcrumbList","@id":"https:\/\/www.lavida.at\/?page_id=125#breadcrumb","itemListElement":[{"@type":"ListItem","position":1,"name":"Startseite","item":"https:\/\/www.lavida.at\/"},{"@type":"ListItem","position":2,"name":"Impressum"}]},{"@type":"WebSite","@id":"https:\/\/www.lavida.at\/#website","url":"https:\/\/www.lavida.at\/","name":"Elterninitiative La Vida","description":"La Vida ist ein gemeinn\u00fctziger Verein, der Ende 2000 von den Sehfr\u00fchf\u00f6rderInnen Hermann Lang, Monika Letonja, Sigrid Shaban-Neuhold und von Eltern betreuter Kinder gegr\u00fcndet wurde. Seit 2006 bieten wir neben Mobiler Sehfr\u00fchf\u00f6rderung und Allgemeiner Fr\u00fchf\u00f6rderung auch Familienentlastung an.","potentialAction":[{"@type":"SearchAction","target":{"@type":"EntryPoint","urlTemplate":"https:\/\/www.lavida.at\/?s={search_term_string}"},"query-input":{"@type":"PropertyValueSpecification","valueRequired":true,"valueName":"search_term_string"}}],"inLanguage":"de"}]}},"_links":{"self":[{"href":"https:\/\/www.lavida.at\/index.php?rest_route=\/wp\/v2\/pages\/125","targetHints":{"allow":["GET"]}}],"collection":[{"href":"https:\/\/www.lavida.at\/index.php?rest_route=\/wp\/v2\/pages"}],"about":[{"href":"https:\/\/www.lavida.at\/index.php?rest_route=\/wp\/v2\/types\/page"}],"author":[{"embeddable":true,"href":"https:\/\/www.lavida.at\/index.php?rest_route=\/wp\/v2\/users\/2"}],"replies":[{"embeddable":true,"href":"https:\/\/www.lavida.at\/index.php?rest_route=%2Fwp%2Fv2%2Fcomments&post=125"}],"version-history":[{"count":16,"href":"https:\/\/www.lavida.at\/index.php?rest_route=\/wp\/v2\/pages\/125\/revisions"}],"predecessor-version":[{"id":672,"href":"https:\/\/www.lavida.at\/index.php?rest_route=\/wp\/v2\/pages\/125\/revisions\/672"}],"wp:attachment":[{"href":"https:\/\/www.lavida.at\/index.php?rest_route=%2Fwp%2Fv2%2Fmedia&parent=125"}],"curies":[{"name":"wp","href":"https:\/\/api.w.org\/{rel}","templated":true}]}}